{"id":1561,"date":"2019-07-04T23:10:15","date_gmt":"2019-07-04T23:10:15","guid":{"rendered":"https:\/\/ripjackinn.com\/?page_id=1561"},"modified":"2026-01-15T09:30:48","modified_gmt":"2026-01-15T09:30:48","slug":"board-rentals","status":"publish","type":"page","link":"https:\/\/ripjackinn.com\/es\/board-rentals\/","title":{"rendered":"Alquiler de tablas"},"content":{"rendered":"<div data-elementor-type=\"wp-post\" data-elementor-id=\"1561\" class=\"elementor elementor-1561\" data-elementor-post-type=\"page\">\n\t\t\t\t\t\t<section class=\"elementor-section elementor-top-section elementor-element elementor-element-ac4f8b7 elementor-section-height-min-height elementor-section-boxed elementor-section-height-default elementor-section-items-middle\" data-id=\"ac4f8b7\" data-element_type=\"section\" data-e-type=\"section\" data-settings=\"{&quot;background_background&quot;:&quot;classic&quot;}\">\n\t\t\t\t\t\t\t<div class=\"elementor-background-overlay\"><\/div>\n\t\t\t\t\t\t\t<div class=\"elementor-container elementor-column-gap-default\">\n\t\t\t\t\t<div class=\"elementor-column elementor-col-100 elementor-top-column elementor-element elementor-element-f934fcd\" data-id=\"f934fcd\" data-element_type=\"column\" data-e-type=\"column\">\n\t\t\t<div class=\"elementor-widget-wrap elementor-element-populated\">\n\t\t\t\t\t\t<div class=\"elementor-element elementor-element-7b2622d elementor-widget elementor-widget-heading\" data-id=\"7b2622d\" data-element_type=\"widget\" data-e-type=\"widget\" data-widget_type=\"heading.default\">\n\t\t\t\t<div class=\"elementor-widget-container\">\n\t\t\t\t\t<h2 class=\"elementor-heading-title elementor-size-default\">Alquiler de tablas<\/h2>\t\t\t\t<\/div>\n\t\t\t\t<\/div>\n\t\t\t\t<div class=\"elementor-element elementor-element-48a6011 elementor-widget elementor-widget-text-editor\" data-id=\"48a6011\" data-element_type=\"widget\" data-e-type=\"widget\" data-widget_type=\"text-editor.default\">\n\t\t\t\t<div class=\"elementor-widget-container\">\n\t\t\t\t\t\t\t\t\tSurf\t\t\t\t\t\t\t\t<\/div>\n\t\t\t\t<\/div>\n\t\t\t\t<div class=\"elementor-element elementor-element-d9723ae elementor-align-center elementor-widget__width-initial elementor-widget elementor-widget-button\" data-id=\"d9723ae\" data-element_type=\"widget\" data-e-type=\"widget\" data-widget_type=\"button.default\">\n\t\t\t\t<div class=\"elementor-widget-container\">\n\t\t\t\t\t\t\t\t\t<div class=\"elementor-button-wrapper\">\n\t\t\t\t\t<a class=\"elementor-button elementor-button-link elementor-size-sm\" href=\"https:\/\/ripjackinn.com\/es\/\">\n\t\t\t\t\t\t<span class=\"elementor-button-content-wrapper\">\n\t\t\t\t\t\t<span class=\"elementor-button-icon\">\n\t\t\t\t<i aria-hidden=\"true\" class=\"fas fa-angle-left\"><\/i>\t\t\t<\/span>\n\t\t\t\t\t\t\t\t\t<span class=\"elementor-button-text\">GO BACK<\/span>\n\t\t\t\t\t<\/span>\n\t\t\t\t\t<\/a>\n\t\t\t\t<\/div>\n\t\t\t\t\t\t\t\t<\/div>\n\t\t\t\t<\/div>\n\t\t\t\t\t<\/div>\n\t\t<\/div>\n\t\t\t\t\t<\/div>\n\t\t<\/section>\n\t\t\t\t<section class=\"elementor-section elementor-top-section elementor-element elementor-element-4080dd2 elementor-section-boxed elementor-section-height-default elementor-section-height-default\" data-id=\"4080dd2\" data-element_type=\"section\" data-e-type=\"section\" data-settings=\"{&quot;background_background&quot;:&quot;classic&quot;}\">\n\t\t\t\t\t\t<div class=\"elementor-container elementor-column-gap-default\">\n\t\t\t\t\t<div class=\"elementor-column elementor-col-100 elementor-top-column elementor-element elementor-element-be4b09e\" data-id=\"be4b09e\" data-element_type=\"column\" data-e-type=\"column\">\n\t\t\t<div class=\"elementor-widget-wrap elementor-element-populated\">\n\t\t\t\t\t\t<section class=\"elementor-section elementor-inner-section elementor-element elementor-element-abe2bf9 elementor-section-boxed elementor-section-height-default elementor-section-height-default\" data-id=\"abe2bf9\" data-element_type=\"section\" data-e-type=\"section\">\n\t\t\t\t\t\t<div class=\"elementor-container elementor-column-gap-default\">\n\t\t\t\t\t<div class=\"elementor-column elementor-col-100 elementor-inner-column elementor-element elementor-element-14ed14b\" data-id=\"14ed14b\" data-element_type=\"column\" data-e-type=\"column\">\n\t\t\t<div class=\"elementor-widget-wrap elementor-element-populated\">\n\t\t\t\t\t\t<div class=\"elementor-element elementor-element-7a2e534 elementor-widget elementor-widget-text-editor\" data-id=\"7a2e534\" data-element_type=\"widget\" data-e-type=\"widget\" data-widget_type=\"text-editor.default\">\n\t\t\t\t<div class=\"elementor-widget-container\">\n\t\t\t\t\t\t\t\t\t<p><span style=\"color: #131210; font-weight: 500;\">Trabajamos con nuestros amigos en <a href=\"https:\/\/playagrandesurfshop.com\/\" target=\"_blank\" rel=\"noopener\">Frijoles Locos<\/a> porque tienen la mejor selecci\u00f3n de tablas en la ciudad. Pase por la tienda o<a href=\"https:\/\/playagrandesurfshop.com\/\" target=\"_blank\" rel=\"noopener\">haga clic aqu\u00ed<\/a> para reservar con anticipaci\u00f3n!<\/span><\/p>\t\t\t\t\t\t\t\t<\/div>\n\t\t\t\t<\/div>\n\t\t\t\t<div class=\"elementor-element elementor-element-ef13663 elementor-widget elementor-widget-heading\" data-id=\"ef13663\" data-element_type=\"widget\" data-e-type=\"widget\" data-widget_type=\"heading.default\">\n\t\t\t\t<div class=\"elementor-widget-container\">\n\t\t\t\t\t<h3 class=\"elementor-heading-title elementor-size-default\">Clases de surf<\/h3>\t\t\t\t<\/div>\n\t\t\t\t<\/div>\n\t\t\t\t<div class=\"elementor-element elementor-element-1d1bd58 elementor-widget elementor-widget-text-editor\" data-id=\"1d1bd58\" data-element_type=\"widget\" data-e-type=\"widget\" data-widget_type=\"text-editor.default\">\n\t\t\t\t<div class=\"elementor-widget-container\">\n\t\t\t\t\t\t\t\t\tRecoger y dejar en The RipJack Inn est\u00e1 disponible e incluido. Lecciones seguras y divertidas para todos los niveles. Los principiantes aprender\u00e1n con otros principiantes, en clases de grupos peque\u00f1os de un m\u00e1ximo de 4 estudiantes por instructor. Entrenamiento de surf disponible para surfistas intermedios y avanzados a las mismas tarifas enumeradas anteriormente, y sugerimos clases privadas de surf para los estudiantes m\u00e1s avanzados, para garantizar una instrucci\u00f3n individualizada y una mejora m\u00e1xima. Uso de tabla de surf incluida.\t\t\t\t\t\t\t\t<\/div>\n\t\t\t\t<\/div>\n\t\t\t\t<div class=\"elementor-element elementor-element-668a78a elementor-widget elementor-widget-heading\" data-id=\"668a78a\" data-element_type=\"widget\" data-e-type=\"widget\" data-widget_type=\"heading.default\">\n\t\t\t\t<div class=\"elementor-widget-container\">\n\t\t\t\t\t<h3 class=\"elementor-heading-title elementor-size-default\">Escoge de:<\/h3>\t\t\t\t<\/div>\n\t\t\t\t<\/div>\n\t\t\t\t<div class=\"elementor-element elementor-element-d64a45c elementor-align-start elementor-icon-list--layout-traditional elementor-list-item-link-full_width elementor-widget elementor-widget-icon-list\" data-id=\"d64a45c\" data-element_type=\"widget\" data-e-type=\"widget\" data-widget_type=\"icon-list.default\">\n\t\t\t\t<div class=\"elementor-widget-container\">\n\t\t\t\t\t\t\t<ul class=\"elementor-icon-list-items\">\n\t\t\t\t\t\t\t<li class=\"elementor-icon-list-item\">\n\t\t\t\t\t\t\t\t\t\t\t<span class=\"elementor-icon-list-icon\">\n\t\t\t\t\t\t\t\t\t\t\t\t\t\t\t\t<i class=\"fa fa-check\" aria-hidden=\"true\"><\/i>\n\t\t\t\t\t\t\t\t\t\t\t\t\t<\/span>\n\t\t\t\t\t\t\t\t\t\t<span class=\"elementor-icon-list-text\">Clases grupales, hasta 4 personas por instructor, 90 minutos de duraci\u00f3n<\/span>\n\t\t\t\t\t\t\t\t\t<\/li>\n\t\t\t\t\t\t\t\t<li class=\"elementor-icon-list-item\">\n\t\t\t\t\t\t\t\t\t\t\t<span class=\"elementor-icon-list-icon\">\n\t\t\t\t\t\t\t\t\t\t\t\t\t\t\t\t<i class=\"fa fa-check\" aria-hidden=\"true\"><\/i>\n\t\t\t\t\t\t\t\t\t\t\t\t\t<\/span>\n\t\t\t\t\t\t\t\t\t\t<span class=\"elementor-icon-list-text\">Lecci\u00f3n privada 90 minutos de duraci\u00f3n<\/span>\n\t\t\t\t\t\t\t\t\t<\/li>\n\t\t\t\t\t\t\t\t<li class=\"elementor-icon-list-item\">\n\t\t\t\t\t\t\t\t\t\t\t<span class=\"elementor-icon-list-icon\">\n\t\t\t\t\t\t\t\t\t\t\t\t\t\t\t\t<i class=\"fa fa-check\" aria-hidden=\"true\"><\/i>\n\t\t\t\t\t\t\t\t\t\t\t\t\t<\/span>\n\t\t\t\t\t\t\t\t\t\t<span class=\"elementor-icon-list-text\">Ni\u00f1os peque\u00f1os Marea baja Sesiones privadas de surf de 1 hora disponibles bajo petici\u00f3n<\/span>\n\t\t\t\t\t\t\t\t\t<\/li>\n\t\t\t\t\t\t\t\t<li class=\"elementor-icon-list-item\">\n\t\t\t\t\t\t\t\t\t\t\t<span class=\"elementor-icon-list-icon\">\n\t\t\t\t\t\t\t\t\t\t\t\t\t\t\t\t<i class=\"fa fa-check\" aria-hidden=\"true\"><\/i>\n\t\t\t\t\t\t\t\t\t\t\t\t\t<\/span>\n\t\t\t\t\t\t\t\t\t\t<span class=\"elementor-icon-list-text\">Si desea solicitar un instructor por cada dos o 3 de ustedes, el costo ser\u00e1 de $ 120 por la lecci\u00f3n. Esto es preferido por aquellos que desean surfear solo con sus amigos \/ seres queridos \/ familiares. Si est\u00e1 organizando grupos m\u00e1s grandes, cont\u00e1ctenos para obtener detalles, asistencia y opciones para planificar su grupo grande (m\u00e1s de 12 participantes)<\/span>\n\t\t\t\t\t\t\t\t\t<\/li>\n\t\t\t\t\t\t\t\t<li class=\"elementor-icon-list-item\">\n\t\t\t\t\t\t\t\t\t\t\t<span class=\"elementor-icon-list-icon\">\n\t\t\t\t\t\t\t\t\t\t\t\t\t\t\t\t<i class=\"fa fa-check\" aria-hidden=\"true\"><\/i>\n\t\t\t\t\t\t\t\t\t\t\t\t\t<\/span>\n\t\t\t\t\t\t\t\t\t\t<span class=\"elementor-icon-list-text\">La duraci\u00f3n de la clase de surf grupal y privada es de 1 1\/2 horas (90 minutos)<\/span>\n\t\t\t\t\t\t\t\t\t<\/li>\n\t\t\t\t\t\t<\/ul>\n\t\t\t\t\t\t<\/div>\n\t\t\t\t<\/div>\n\t\t\t\t\t<\/div>\n\t\t<\/div>\n\t\t\t\t\t<\/div>\n\t\t<\/section>\n\t\t\t\t\t<\/div>\n\t\t<\/div>\n\t\t\t\t\t<\/div>\n\t\t<\/section>\n\t\t\t\t<\/div>","protected":false},"excerpt":{"rendered":"<p>Board Rentals Surfing GO BACK We work with our friends at Frijoles Locos because they have the best selection of boards in town. Stop by the shop or \u200bclick here to reserve ahead of time! Surf Lessons Pick up and drop off at The RipJack Inn is available and included. Safe, fun lessons for all [&hellip;]<\/p>\n","protected":false},"author":1,"featured_media":0,"parent":0,"menu_order":0,"comment_status":"closed","ping_status":"closed","template":"elementor_header_footer","meta":{"om_disable_all_campaigns":false,"_monsterinsights_skip_tracking":false,"_monsterinsights_sitenote_active":false,"_monsterinsights_sitenote_note":"","_monsterinsights_sitenote_category":0,"_uf_show_specific_survey":0,"_uf_disable_surveys":false,"footnotes":""},"class_list":["post-1561","page","type-page","status-publish","hentry"],"yoast_head":"<!-- This site is optimized with the Yoast SEO Premium plugin v25.8 (Yoast SEO v27.3) - https:\/\/yoast.com\/product\/yoast-seo-premium-wordpress\/ -->\n<title>Board Rentals | Surfboard Rentals by RipJack Inn<\/title>\n<meta name=\"description\" content=\"Discover top Surfboard Rentals at the RipJack Inn. Reserve your board today and enjoy the waves. Experience the best selection in town.\" \/>\n<meta name=\"robots\" content=\"index, follow, max-snippet:-1, max-image-preview:large, max-video-preview:-1\" \/>\n<link rel=\"canonical\" href=\"https:\/\/ripjackinn.com\/es\/board-rentals\/\" \/>\n<meta property=\"og:locale\" content=\"es_ES\" \/>\n<meta property=\"og:type\" content=\"article\" \/>\n<meta property=\"og:title\" content=\"Board Rentals\" \/>\n<meta property=\"og:description\" content=\"Discover top Surfboard Rentals at the RipJack Inn. Reserve your board today and enjoy the waves. Experience the best selection in town.\" \/>\n<meta property=\"og:url\" content=\"https:\/\/ripjackinn.com\/es\/board-rentals\/\" \/>\n<meta property=\"og:site_name\" content=\"RipJack Inn\" \/>\n<meta property=\"article:publisher\" content=\"https:\/\/www.facebook.com\/RipJackInn\/\" \/>\n<meta property=\"article:modified_time\" content=\"2026-01-15T09:30:48+00:00\" \/>\n<meta name=\"twitter:card\" content=\"summary_large_image\" \/>\n<meta name=\"twitter:label1\" content=\"Est. reading time\" \/>\n\t<meta name=\"twitter:data1\" content=\"1 minuto\" \/>\n<script type=\"application\/ld+json\" class=\"yoast-schema-graph\">{\"@context\":\"https:\\\/\\\/schema.org\",\"@graph\":[{\"@type\":\"WebPage\",\"@id\":\"https:\\\/\\\/ripjackinn.com\\\/board-rentals\\\/\",\"url\":\"https:\\\/\\\/ripjackinn.com\\\/board-rentals\\\/\",\"name\":\"Board Rentals | Surfboard Rentals by RipJack Inn\",\"isPartOf\":{\"@id\":\"https:\\\/\\\/ripjackinn.com\\\/es\\\/#website\"},\"datePublished\":\"2019-07-04T23:10:15+00:00\",\"dateModified\":\"2026-01-15T09:30:48+00:00\",\"description\":\"Discover top Surfboard Rentals at the RipJack Inn. Reserve your board today and enjoy the waves. Experience the best selection in town.\",\"breadcrumb\":{\"@id\":\"https:\\\/\\\/ripjackinn.com\\\/board-rentals\\\/#breadcrumb\"},\"inLanguage\":\"es-CR\",\"potentialAction\":[{\"@type\":\"ReadAction\",\"target\":[\"https:\\\/\\\/ripjackinn.com\\\/board-rentals\\\/\"]}]},{\"@type\":\"BreadcrumbList\",\"@id\":\"https:\\\/\\\/ripjackinn.com\\\/board-rentals\\\/#breadcrumb\",\"itemListElement\":[{\"@type\":\"ListItem\",\"position\":1,\"name\":\"Home\",\"item\":\"https:\\\/\\\/ripjackinn.com\\\/\"},{\"@type\":\"ListItem\",\"position\":2,\"name\":\"Board Rentals\"}]},{\"@type\":\"WebSite\",\"@id\":\"https:\\\/\\\/ripjackinn.com\\\/es\\\/#website\",\"url\":\"https:\\\/\\\/ripjackinn.com\\\/es\\\/\",\"name\":\"RipJack Inn\",\"description\":\"Boutique Surf and Yoga Hotel, Playa Grande Costa Rica\",\"publisher\":{\"@id\":\"https:\\\/\\\/ripjackinn.com\\\/es\\\/#organization\"},\"potentialAction\":[{\"@type\":\"SearchAction\",\"target\":{\"@type\":\"EntryPoint\",\"urlTemplate\":\"https:\\\/\\\/ripjackinn.com\\\/es\\\/?s={search_term_string}\"},\"query-input\":{\"@type\":\"PropertyValueSpecification\",\"valueRequired\":true,\"valueName\":\"search_term_string\"}}],\"inLanguage\":\"es-CR\"},{\"@type\":\"Organization\",\"@id\":\"https:\\\/\\\/ripjackinn.com\\\/es\\\/#organization\",\"name\":\"RipJack Inn\",\"url\":\"https:\\\/\\\/ripjackinn.com\\\/es\\\/\",\"logo\":{\"@type\":\"ImageObject\",\"inLanguage\":\"es-CR\",\"@id\":\"https:\\\/\\\/ripjackinn.com\\\/es\\\/#\\\/schema\\\/logo\\\/image\\\/\",\"url\":\"https:\\\/\\\/apf0ca.p3cdn1.secureserver.net\\\/wp-content\\\/uploads\\\/2019\\\/05\\\/cropped-LOGO-SEMI-VECTOR-3-1.png?time=1726234843\",\"contentUrl\":\"https:\\\/\\\/apf0ca.p3cdn1.secureserver.net\\\/wp-content\\\/uploads\\\/2019\\\/05\\\/cropped-LOGO-SEMI-VECTOR-3-1.png?time=1726234843\",\"width\":512,\"height\":512,\"caption\":\"RipJack Inn\"},\"image\":{\"@id\":\"https:\\\/\\\/ripjackinn.com\\\/es\\\/#\\\/schema\\\/logo\\\/image\\\/\"},\"sameAs\":[\"https:\\\/\\\/www.facebook.com\\\/RipJackInn\\\/\",\"https:\\\/\\\/www.instagram.com\\\/ripjackinncr\\\/\"]}]}<\/script>\n<!-- \/ Yoast SEO Premium plugin. -->","yoast_head_json":{"title":"Board Rentals | Surfboard Rentals by RipJack Inn","description":"Discover top Surfboard Rentals at the RipJack Inn. Reserve your board today and enjoy the waves. Experience the best selection in town.","robots":{"index":"index","follow":"follow","max-snippet":"max-snippet:-1","max-image-preview":"max-image-preview:large","max-video-preview":"max-video-preview:-1"},"canonical":"https:\/\/ripjackinn.com\/es\/board-rentals\/","og_locale":"es_ES","og_type":"article","og_title":"Board Rentals","og_description":"Discover top Surfboard Rentals at the RipJack Inn. Reserve your board today and enjoy the waves. Experience the best selection in town.","og_url":"https:\/\/ripjackinn.com\/es\/board-rentals\/","og_site_name":"RipJack Inn","article_publisher":"https:\/\/www.facebook.com\/RipJackInn\/","article_modified_time":"2026-01-15T09:30:48+00:00","twitter_card":"summary_large_image","twitter_misc":{"Est. reading time":"1 minuto"},"schema":{"@context":"https:\/\/schema.org","@graph":[{"@type":"WebPage","@id":"https:\/\/ripjackinn.com\/board-rentals\/","url":"https:\/\/ripjackinn.com\/board-rentals\/","name":"Board Rentals | Surfboard Rentals by RipJack Inn","isPartOf":{"@id":"https:\/\/ripjackinn.com\/es\/#website"},"datePublished":"2019-07-04T23:10:15+00:00","dateModified":"2026-01-15T09:30:48+00:00","description":"Discover top Surfboard Rentals at the RipJack Inn. Reserve your board today and enjoy the waves. Experience the best selection in town.","breadcrumb":{"@id":"https:\/\/ripjackinn.com\/board-rentals\/#breadcrumb"},"inLanguage":"es-CR","potentialAction":[{"@type":"ReadAction","target":["https:\/\/ripjackinn.com\/board-rentals\/"]}]},{"@type":"BreadcrumbList","@id":"https:\/\/ripjackinn.com\/board-rentals\/#breadcrumb","itemListElement":[{"@type":"ListItem","position":1,"name":"Home","item":"https:\/\/ripjackinn.com\/"},{"@type":"ListItem","position":2,"name":"Board Rentals"}]},{"@type":"WebSite","@id":"https:\/\/ripjackinn.com\/es\/#website","url":"https:\/\/ripjackinn.com\/es\/","name":"RipJack Inn","description":"Boutique Surf and Yoga Hotel, Playa Grande Costa Rica","publisher":{"@id":"https:\/\/ripjackinn.com\/es\/#organization"},"potentialAction":[{"@type":"SearchAction","target":{"@type":"EntryPoint","urlTemplate":"https:\/\/ripjackinn.com\/es\/?s={search_term_string}"},"query-input":{"@type":"PropertyValueSpecification","valueRequired":true,"valueName":"search_term_string"}}],"inLanguage":"es-CR"},{"@type":"Organization","@id":"https:\/\/ripjackinn.com\/es\/#organization","name":"RipJack Inn","url":"https:\/\/ripjackinn.com\/es\/","logo":{"@type":"ImageObject","inLanguage":"es-CR","@id":"https:\/\/ripjackinn.com\/es\/#\/schema\/logo\/image\/","url":"https:\/\/apf0ca.p3cdn1.secureserver.net\/wp-content\/uploads\/2019\/05\/cropped-LOGO-SEMI-VECTOR-3-1.png?time=1726234843","contentUrl":"https:\/\/apf0ca.p3cdn1.secureserver.net\/wp-content\/uploads\/2019\/05\/cropped-LOGO-SEMI-VECTOR-3-1.png?time=1726234843","width":512,"height":512,"caption":"RipJack Inn"},"image":{"@id":"https:\/\/ripjackinn.com\/es\/#\/schema\/logo\/image\/"},"sameAs":["https:\/\/www.facebook.com\/RipJackInn\/","https:\/\/www.instagram.com\/ripjackinncr\/"]}]}},"_links":{"self":[{"href":"https:\/\/ripjackinn.com\/es\/wp-json\/wp\/v2\/pages\/1561","targetHints":{"allow":["GET"]}}],"collection":[{"href":"https:\/\/ripjackinn.com\/es\/wp-json\/wp\/v2\/pages"}],"about":[{"href":"https:\/\/ripjackinn.com\/es\/wp-json\/wp\/v2\/types\/page"}],"author":[{"embeddable":true,"href":"https:\/\/ripjackinn.com\/es\/wp-json\/wp\/v2\/users\/1"}],"replies":[{"embeddable":true,"href":"https:\/\/ripjackinn.com\/es\/wp-json\/wp\/v2\/comments?post=1561"}],"version-history":[{"count":1,"href":"https:\/\/ripjackinn.com\/es\/wp-json\/wp\/v2\/pages\/1561\/revisions"}],"predecessor-version":[{"id":6267,"href":"https:\/\/ripjackinn.com\/es\/wp-json\/wp\/v2\/pages\/1561\/revisions\/6267"}],"wp:attachment":[{"href":"https:\/\/ripjackinn.com\/es\/wp-json\/wp\/v2\/media?parent=1561"}],"curies":[{"name":"wp","href":"https:\/\/api.w.org\/{rel}","templated":true}]}}