{"id":1429,"date":"2019-06-27T21:49:58","date_gmt":"2019-06-27T21:49:58","guid":{"rendered":"https:\/\/ripjackinn.com\/?page_id=1429"},"modified":"2026-01-15T09:29:13","modified_gmt":"2026-01-15T09:29:13","slug":"yoga-playa-grande","status":"publish","type":"page","link":"https:\/\/ripjackinn.com\/es\/yoga-playa-grande\/","title":{"rendered":"Yoga Playa Grande"},"content":{"rendered":"<div data-elementor-type=\"wp-post\" data-elementor-id=\"1429\" class=\"elementor elementor-1429\" data-elementor-post-type=\"page\">\n\t\t\t\t\t\t<section class=\"elementor-section elementor-top-section elementor-element elementor-element-ac4f8b7 elementor-section-height-min-height elementor-section-content-middle elementor-section-boxed elementor-section-height-default elementor-section-items-middle\" data-id=\"ac4f8b7\" data-element_type=\"section\" data-e-type=\"section\" data-settings=\"{&quot;background_background&quot;:&quot;classic&quot;}\">\n\t\t\t\t\t\t\t<div class=\"elementor-background-overlay\"><\/div>\n\t\t\t\t\t\t\t<div class=\"elementor-container elementor-column-gap-default\">\n\t\t\t\t\t<div class=\"elementor-column elementor-col-100 elementor-top-column elementor-element elementor-element-f934fcd\" data-id=\"f934fcd\" data-element_type=\"column\" data-e-type=\"column\">\n\t\t\t<div class=\"elementor-widget-wrap elementor-element-populated\">\n\t\t\t\t\t\t<div class=\"elementor-element elementor-element-7b2622d elementor-widget elementor-widget-heading\" data-id=\"7b2622d\" data-element_type=\"widget\" data-e-type=\"widget\" data-widget_type=\"heading.default\">\n\t\t\t\t<div class=\"elementor-widget-container\">\n\t\t\t\t\t<h2 class=\"elementor-heading-title elementor-size-default\">Yoga Playa Grande<\/h2>\t\t\t\t<\/div>\n\t\t\t\t<\/div>\n\t\t\t\t<div class=\"elementor-element elementor-element-48a6011 elementor-widget elementor-widget-text-editor\" data-id=\"48a6011\" data-element_type=\"widget\" data-e-type=\"widget\" data-widget_type=\"text-editor.default\">\n\t\t\t\t<div class=\"elementor-widget-container\">\n\t\t\t\t\t\t\t\t\t<h2>Meet our Teachers<\/h2>\t\t\t\t\t\t\t\t<\/div>\n\t\t\t\t<\/div>\n\t\t\t\t<div class=\"elementor-element elementor-element-6d60b92 elementor-align-center elementor-widget__width-initial elementor-widget elementor-widget-button\" data-id=\"6d60b92\" data-element_type=\"widget\" data-e-type=\"widget\" data-widget_type=\"button.default\">\n\t\t\t\t<div class=\"elementor-widget-container\">\n\t\t\t\t\t\t\t\t\t<div class=\"elementor-button-wrapper\">\n\t\t\t\t\t<a class=\"elementor-button elementor-button-link elementor-size-sm\" href=\"https:\/\/ripjackinn.com\/es\/\">\n\t\t\t\t\t\t<span class=\"elementor-button-content-wrapper\">\n\t\t\t\t\t\t<span class=\"elementor-button-icon\">\n\t\t\t\t<i aria-hidden=\"true\" class=\"fas fa-angle-left\"><\/i>\t\t\t<\/span>\n\t\t\t\t\t\t\t\t\t<span class=\"elementor-button-text\">GO BACK<\/span>\n\t\t\t\t\t<\/span>\n\t\t\t\t\t<\/a>\n\t\t\t\t<\/div>\n\t\t\t\t\t\t\t\t<\/div>\n\t\t\t\t<\/div>\n\t\t\t\t\t<\/div>\n\t\t<\/div>\n\t\t\t\t\t<\/div>\n\t\t<\/section>\n\t\t\t\t<section class=\"elementor-section elementor-top-section elementor-element elementor-element-4080dd2 elementor-section-boxed elementor-section-height-default elementor-section-height-default\" data-id=\"4080dd2\" data-element_type=\"section\" data-e-type=\"section\" data-settings=\"{&quot;background_background&quot;:&quot;classic&quot;}\">\n\t\t\t\t\t\t<div class=\"elementor-container elementor-column-gap-default\">\n\t\t\t\t\t<div class=\"elementor-column elementor-col-100 elementor-top-column elementor-element elementor-element-be4b09e\" data-id=\"be4b09e\" data-element_type=\"column\" data-e-type=\"column\">\n\t\t\t<div class=\"elementor-widget-wrap elementor-element-populated\">\n\t\t\t\t\t\t<section class=\"elementor-section elementor-inner-section elementor-element elementor-element-abe2bf9 elementor-section-boxed elementor-section-height-default elementor-section-height-default\" data-id=\"abe2bf9\" data-element_type=\"section\" data-e-type=\"section\">\n\t\t\t\t\t\t<div class=\"elementor-container elementor-column-gap-default\">\n\t\t\t\t\t<div class=\"elementor-column elementor-col-100 elementor-inner-column elementor-element elementor-element-14ed14b\" data-id=\"14ed14b\" data-element_type=\"column\" data-e-type=\"column\">\n\t\t\t<div class=\"elementor-widget-wrap elementor-element-populated\">\n\t\t\t\t\t\t<div class=\"elementor-element elementor-element-7a2e534 elementor-widget__width-initial elementor-widget elementor-widget-text-editor\" data-id=\"7a2e534\" data-element_type=\"widget\" data-e-type=\"widget\" data-widget_type=\"text-editor.default\">\n\t\t\t\t<div class=\"elementor-widget-container\">\n\t\t\t\t\t\t\t\t\t<p><span style=\"color: #131210; font-weight: 500;\">Un santuario pac\u00edfico para la salud y el bienestar. Nuestro espacio de yoga est\u00e1 hecho de hermosa madera de teca, encerrado por altas ventanas de vidrio y cubierto por un majestuoso techo de palapa. Desde el momento en que ingresa al estudio entre palmeras y jardines de bamb\u00fa, se sentir\u00e1 tranquilo y a gusto.<\/span><\/p><p>The Yoga Shala at the hotel offers a variety of yoga classes, including dynamic flow, restful restorative, gentle hatha and private yoga. Please check our schedule below for public classes and yoga retreats\u00a0<\/p><p>Nuestros maestros brindan un espacio compasivo, solidario y afectuoso donde damos la bienvenida y ense\u00f1amos a todos los niveles de pr\u00e1ctica, desde el principiante hasta el m\u00e1s avanzado. Se proporcionan colchonetas y accesorios.<\/p>\t\t\t\t\t\t\t\t<\/div>\n\t\t\t\t<\/div>\n\t\t\t\t\t<\/div>\n\t\t<\/div>\n\t\t\t\t\t<\/div>\n\t\t<\/section>\n\t\t\t\t<div class=\"elementor-element elementor-element-e8c913c elementor-position-left elementor-widget__width-initial elementor-vertical-align-top elementor-widget elementor-widget-image-box\" data-id=\"e8c913c\" data-element_type=\"widget\" data-e-type=\"widget\" data-widget_type=\"image-box.default\">\n\t\t\t\t<div class=\"elementor-widget-container\">\n\t\t\t\t\t<div class=\"elementor-image-box-wrapper\"><figure class=\"elementor-image-box-img\"><img decoding=\"async\" src=\"https:\/\/ripjackinn.com\/wp-content\/uploads\/elementor\/thumbs\/Alli-r2k5zxxmmqzwvbh4crw4p7458qw3ipk5m08kgjcywo.jpg\" title=\"Smiling woman sits on beach, ocean background.\" alt=\"Smiling woman sits on beach, ocean background.\" loading=\"lazy\" \/><\/figure><div class=\"elementor-image-box-content\"><h3 class=\"elementor-image-box-title\">Meet Alli Brennan<\/h3><p class=\"elementor-image-box-description\">Allison spent several years working as a professional acrobat learning the importance of care for the physical body as well as the mind.  She received her Mat-Pilates teaching certificate while living in Dubai and did her 200 hour YTT in Nepal before returning to the Americas.  \n\nAllison is a tree hugger, food lover, traveler, and fitness teacher.  She loves to care for each living being as a whole, understanding that every \u201cbody\" wants to move freely, to move without pain, and to move in a way that can bring them back to witness their unique body through their own spirit.\n\n<\/p><\/div><\/div>\t\t\t\t<\/div>\n\t\t\t\t<\/div>\n\t\t\t\t<div class=\"elementor-element elementor-element-0683c7a elementor-position-left elementor-widget__width-initial elementor-vertical-align-top elementor-widget elementor-widget-image-box\" data-id=\"0683c7a\" data-element_type=\"widget\" data-e-type=\"widget\" data-widget_type=\"image-box.default\">\n\t\t\t\t<div class=\"elementor-widget-container\">\n\t\t\t\t\t<div class=\"elementor-image-box-wrapper\"><figure class=\"elementor-image-box-img\"><a href=\"http:\/\/link%20to%20instagram%20www.instagram.com\/leela_yoga\" target=\"_blank\" tabindex=\"-1\"><img decoding=\"async\" src=\"https:\/\/ripjackinn.com\/wp-content\/uploads\/elementor\/thumbs\/18af725a145bc9707e91-qdig9kps0x2rienz6ts3mhbx8vshz2rnablim5e56g.jpeg\" title=\"Woman smiling on beach, wearing earrings.\" alt=\"Woman smiling on beach, wearing earrings.\" loading=\"lazy\" \/><\/a><\/figure><div class=\"elementor-image-box-content\"><h3 class=\"elementor-image-box-title\"><a href=\"http:\/\/link%20to%20instagram%20www.instagram.com\/leela_yoga\" target=\"_blank\">Meet Dana Schachter<\/a><\/h3><p class=\"elementor-image-box-description\"><p><span lang=\"EN-US\" style=\"font-size: 13pt;line-height: 107%;font-family: Roboto;background-image: initial;background-position: initial;background-size: initial;background-repeat: initial;background-attachment: initial\">Dana has been working in the field of health and wellness for 26 years. This journey\nbegan in the mountains of N. California, at the Heartwood Institute, studying\nvarious modalities of massage therapy. Shortly after, in Costa Rica in 2000,\nshe fell in love with yoga. It was through yoga that Dana first discovered what\nit truly meant to feel at home in her body and within herself. This experience\nwas so affirming that she has dedicated her life to supporting others in their\npursuit of self-discovery. She has amassed thousands of hours of study,\ntraining, and certification in both the philosophy and physical practice of\nyoga. Her classes emphasize alignment and breath, curiosity, and non-judgement.\nNow back in Costa Rica 23 years later, she is thrilled to be sharing this\ntransformative practice with the vibrant Grande community.<\/span><span lang=\"EN-US\"><\/span><\/p>\n\n<div><\/div><\/p><\/div><\/div>\t\t\t\t<\/div>\n\t\t\t\t<\/div>\n\t\t\t\t<div class=\"elementor-element elementor-element-1aadc83 elementor-position-left elementor-vertical-align-top elementor-widget elementor-widget-image-box\" data-id=\"1aadc83\" data-element_type=\"widget\" data-e-type=\"widget\" data-widget_type=\"image-box.default\">\n\t\t\t\t<div class=\"elementor-widget-container\">\n\t\t\t\t\t<div class=\"elementor-image-box-wrapper\"><figure class=\"elementor-image-box-img\"><a href=\"http:\/\/link%20to%20instagram%20www.instagram.com\/leela_yoga\" target=\"_blank\" tabindex=\"-1\"><img decoding=\"async\" src=\"https:\/\/ripjackinn.com\/wp-content\/uploads\/elementor\/thumbs\/IMG_5831-r2k5zf4uu2a6f48fejrlbbuxd1gr8rhivf6uv04ud4.jpg\" title=\"Woman in yoga pose on wood floor.\" alt=\"Woman in yoga pose on wood floor.\" loading=\"lazy\" \/><\/a><\/figure><div class=\"elementor-image-box-content\"><h3 class=\"elementor-image-box-title\"><a href=\"http:\/\/link%20to%20instagram%20www.instagram.com\/leela_yoga\" target=\"_blank\">Meet Shelly Wolfe<\/a><\/h3><p class=\"elementor-image-box-description\">Shelly Wolfe is a Master Certified Pilates Instructor through Balanced Body and has been teaching yoga and Pilates for over 12 years. Currently living in Playa Grande, but hails from Charleston SC where she opened a yoga studio in 2012. A former medical device representative working alongside ortho and neuro surgeons in Spinal Surgeries, she has extensive knowledge about the body. Through this journey to and on the mat, Shelly\u2019s teachings are refined with alignment, connection, expansion of body and mind, and overall wellness of being.<\/p><\/div><\/div>\t\t\t\t<\/div>\n\t\t\t\t<\/div>\n\t\t\t\t\t<\/div>\n\t\t<\/div>\n\t\t\t\t\t<\/div>\n\t\t<\/section>\n\t\t\t\t<section class=\"elementor-section elementor-top-section elementor-element elementor-element-60f2178 elementor-section-boxed elementor-section-height-default elementor-section-height-default\" data-id=\"60f2178\" data-element_type=\"section\" data-e-type=\"section\">\n\t\t\t\t\t\t<div class=\"elementor-container elementor-column-gap-default\">\n\t\t\t\t\t<div class=\"elementor-column elementor-col-100 elementor-top-column elementor-element elementor-element-5004f08\" data-id=\"5004f08\" data-element_type=\"column\" data-e-type=\"column\">\n\t\t\t<div class=\"elementor-widget-wrap elementor-element-populated\">\n\t\t\t\t\t\t<div class=\"elementor-element elementor-element-0f90c0f elementor-align-center elementor-widget elementor-widget-button\" data-id=\"0f90c0f\" data-element_type=\"widget\" data-e-type=\"widget\" data-widget_type=\"button.default\">\n\t\t\t\t<div class=\"elementor-widget-container\">\n\t\t\t\t\t\t\t\t\t<div class=\"elementor-button-wrapper\">\n\t\t\t\t\t<a class=\"elementor-button elementor-button-link elementor-size-sm\" href=\"https:\/\/ripjackinn.com\/es\/yoga-playa-grande\/classes\/\">\n\t\t\t\t\t\t<span class=\"elementor-button-content-wrapper\">\n\t\t\t\t\t\t\t\t\t<span class=\"elementor-button-text\">Book Here<\/span>\n\t\t\t\t\t<\/span>\n\t\t\t\t\t<\/a>\n\t\t\t\t<\/div>\n\t\t\t\t\t\t\t\t<\/div>\n\t\t\t\t<\/div>\n\t\t\t\t\t<\/div>\n\t\t<\/div>\n\t\t\t\t\t<\/div>\n\t\t<\/section>\n\t\t\t\t<\/div>","protected":false},"excerpt":{"rendered":"<p>Yoga Playa Grande Meet our Teachers GO BACK A peaceful sanctuary for health and wellbeing. Our yoga space is made of beautiful teak wood, enclosed by tall glass windows and covered by a majestic palapa roof. From the moment you enter the studio amidst the palms and bamboo gardens, you will feel calm and at [&hellip;]<\/p>\n","protected":false},"author":1,"featured_media":0,"parent":0,"menu_order":0,"comment_status":"closed","ping_status":"closed","template":"elementor_header_footer","meta":{"om_disable_all_campaigns":false,"_monsterinsights_skip_tracking":false,"_monsterinsights_sitenote_active":false,"_monsterinsights_sitenote_note":"","_monsterinsights_sitenote_category":0,"_uf_show_specific_survey":0,"_uf_disable_surveys":false,"footnotes":""},"class_list":["post-1429","page","type-page","status-publish","hentry"],"yoast_head":"<!-- This site is optimized with the Yoast SEO Premium plugin v25.8 (Yoast SEO v27.4) - https:\/\/yoast.com\/product\/yoast-seo-premium-wordpress\/ -->\n<title>Yoga Playa Grande | Yoga Retreats by RipJack Inn<\/title>\n<meta name=\"description\" content=\"Discover Yoga Retreats at RipJack Inn. Experience tranquility and growth with expert instructors.\" \/>\n<meta name=\"robots\" content=\"index, follow, max-snippet:-1, max-image-preview:large, max-video-preview:-1\" \/>\n<link rel=\"canonical\" href=\"https:\/\/ripjackinn.com\/es\/yoga-playa-grande\/\" \/>\n<meta property=\"og:locale\" content=\"es_ES\" \/>\n<meta property=\"og:type\" content=\"article\" \/>\n<meta property=\"og:title\" content=\"Yoga Playa Grande\" \/>\n<meta property=\"og:description\" content=\"Discover Yoga Retreats at RipJack Inn. Experience tranquility and growth with expert instructors.\" \/>\n<meta property=\"og:url\" content=\"https:\/\/ripjackinn.com\/es\/yoga-playa-grande\/\" \/>\n<meta property=\"og:site_name\" content=\"RipJack Inn\" \/>\n<meta property=\"article:publisher\" content=\"https:\/\/www.facebook.com\/RipJackInn\/\" \/>\n<meta property=\"article:modified_time\" content=\"2026-01-15T09:29:13+00:00\" \/>\n<meta property=\"og:image\" content=\"https:\/\/ripjackinn.com\/wp-content\/uploads\/elementor\/thumbs\/Alli-r2k5zxxmmqzwvbh4crw4p7458qw3ipk5m08kgjcywo.jpg\" \/>\n<meta name=\"twitter:card\" content=\"summary_large_image\" \/>\n<meta name=\"twitter:label1\" content=\"Est. reading time\" \/>\n\t<meta name=\"twitter:data1\" content=\"3 minutos\" \/>\n<script type=\"application\/ld+json\" class=\"yoast-schema-graph\">{\"@context\":\"https:\\\/\\\/schema.org\",\"@graph\":[{\"@type\":\"WebPage\",\"@id\":\"https:\\\/\\\/ripjackinn.com\\\/yoga-playa-grande\\\/\",\"url\":\"https:\\\/\\\/ripjackinn.com\\\/yoga-playa-grande\\\/\",\"name\":\"Yoga Playa Grande | Yoga Retreats by RipJack Inn\",\"isPartOf\":{\"@id\":\"https:\\\/\\\/ripjackinn.com\\\/es\\\/#website\"},\"primaryImageOfPage\":{\"@id\":\"https:\\\/\\\/ripjackinn.com\\\/yoga-playa-grande\\\/#primaryimage\"},\"image\":{\"@id\":\"https:\\\/\\\/ripjackinn.com\\\/yoga-playa-grande\\\/#primaryimage\"},\"thumbnailUrl\":\"https:\\\/\\\/ripjackinn.com\\\/wp-content\\\/uploads\\\/elementor\\\/thumbs\\\/Alli-r2k5zxxmmqzwvbh4crw4p7458qw3ipk5m08kgjcywo.jpg\",\"datePublished\":\"2019-06-27T21:49:58+00:00\",\"dateModified\":\"2026-01-15T09:29:13+00:00\",\"description\":\"Discover Yoga Retreats at RipJack Inn. Experience tranquility and growth with expert instructors.\",\"breadcrumb\":{\"@id\":\"https:\\\/\\\/ripjackinn.com\\\/yoga-playa-grande\\\/#breadcrumb\"},\"inLanguage\":\"es-CR\",\"potentialAction\":[{\"@type\":\"ReadAction\",\"target\":[\"https:\\\/\\\/ripjackinn.com\\\/yoga-playa-grande\\\/\"]}]},{\"@type\":\"ImageObject\",\"inLanguage\":\"es-CR\",\"@id\":\"https:\\\/\\\/ripjackinn.com\\\/yoga-playa-grande\\\/#primaryimage\",\"url\":\"https:\\\/\\\/ripjackinn.com\\\/wp-content\\\/uploads\\\/elementor\\\/thumbs\\\/Alli-r2k5zxxmmqzwvbh4crw4p7458qw3ipk5m08kgjcywo.jpg\",\"contentUrl\":\"https:\\\/\\\/ripjackinn.com\\\/wp-content\\\/uploads\\\/elementor\\\/thumbs\\\/Alli-r2k5zxxmmqzwvbh4crw4p7458qw3ipk5m08kgjcywo.jpg\"},{\"@type\":\"BreadcrumbList\",\"@id\":\"https:\\\/\\\/ripjackinn.com\\\/yoga-playa-grande\\\/#breadcrumb\",\"itemListElement\":[{\"@type\":\"ListItem\",\"position\":1,\"name\":\"Home\",\"item\":\"https:\\\/\\\/ripjackinn.com\\\/\"},{\"@type\":\"ListItem\",\"position\":2,\"name\":\"Yoga Playa Grande\"}]},{\"@type\":\"WebSite\",\"@id\":\"https:\\\/\\\/ripjackinn.com\\\/es\\\/#website\",\"url\":\"https:\\\/\\\/ripjackinn.com\\\/es\\\/\",\"name\":\"RipJack Inn\",\"description\":\"Boutique Surf and Yoga Hotel, Playa Grande Costa Rica\",\"publisher\":{\"@id\":\"https:\\\/\\\/ripjackinn.com\\\/es\\\/#organization\"},\"potentialAction\":[{\"@type\":\"SearchAction\",\"target\":{\"@type\":\"EntryPoint\",\"urlTemplate\":\"https:\\\/\\\/ripjackinn.com\\\/es\\\/?s={search_term_string}\"},\"query-input\":{\"@type\":\"PropertyValueSpecification\",\"valueRequired\":true,\"valueName\":\"search_term_string\"}}],\"inLanguage\":\"es-CR\"},{\"@type\":\"Organization\",\"@id\":\"https:\\\/\\\/ripjackinn.com\\\/es\\\/#organization\",\"name\":\"RipJack Inn\",\"url\":\"https:\\\/\\\/ripjackinn.com\\\/es\\\/\",\"logo\":{\"@type\":\"ImageObject\",\"inLanguage\":\"es-CR\",\"@id\":\"https:\\\/\\\/ripjackinn.com\\\/es\\\/#\\\/schema\\\/logo\\\/image\\\/\",\"url\":\"https:\\\/\\\/apf0ca.p3cdn1.secureserver.net\\\/wp-content\\\/uploads\\\/2019\\\/05\\\/cropped-LOGO-SEMI-VECTOR-3-1.png?time=1726234843\",\"contentUrl\":\"https:\\\/\\\/apf0ca.p3cdn1.secureserver.net\\\/wp-content\\\/uploads\\\/2019\\\/05\\\/cropped-LOGO-SEMI-VECTOR-3-1.png?time=1726234843\",\"width\":512,\"height\":512,\"caption\":\"RipJack Inn\"},\"image\":{\"@id\":\"https:\\\/\\\/ripjackinn.com\\\/es\\\/#\\\/schema\\\/logo\\\/image\\\/\"},\"sameAs\":[\"https:\\\/\\\/www.facebook.com\\\/RipJackInn\\\/\",\"https:\\\/\\\/www.instagram.com\\\/ripjackinncr\\\/\"]}]}<\/script>\n<!-- \/ Yoast SEO Premium plugin. -->","yoast_head_json":{"title":"Yoga Playa Grande | Yoga Retreats by RipJack Inn","description":"Discover Yoga Retreats at RipJack Inn. Experience tranquility and growth with expert instructors.","robots":{"index":"index","follow":"follow","max-snippet":"max-snippet:-1","max-image-preview":"max-image-preview:large","max-video-preview":"max-video-preview:-1"},"canonical":"https:\/\/ripjackinn.com\/es\/yoga-playa-grande\/","og_locale":"es_ES","og_type":"article","og_title":"Yoga Playa Grande","og_description":"Discover Yoga Retreats at RipJack Inn. Experience tranquility and growth with expert instructors.","og_url":"https:\/\/ripjackinn.com\/es\/yoga-playa-grande\/","og_site_name":"RipJack Inn","article_publisher":"https:\/\/www.facebook.com\/RipJackInn\/","article_modified_time":"2026-01-15T09:29:13+00:00","og_image":[{"url":"https:\/\/ripjackinn.com\/wp-content\/uploads\/elementor\/thumbs\/Alli-r2k5zxxmmqzwvbh4crw4p7458qw3ipk5m08kgjcywo.jpg","type":"","width":"","height":""}],"twitter_card":"summary_large_image","twitter_misc":{"Est. reading time":"3 minutos"},"schema":{"@context":"https:\/\/schema.org","@graph":[{"@type":"WebPage","@id":"https:\/\/ripjackinn.com\/yoga-playa-grande\/","url":"https:\/\/ripjackinn.com\/yoga-playa-grande\/","name":"Yoga Playa Grande | Yoga Retreats by RipJack Inn","isPartOf":{"@id":"https:\/\/ripjackinn.com\/es\/#website"},"primaryImageOfPage":{"@id":"https:\/\/ripjackinn.com\/yoga-playa-grande\/#primaryimage"},"image":{"@id":"https:\/\/ripjackinn.com\/yoga-playa-grande\/#primaryimage"},"thumbnailUrl":"https:\/\/ripjackinn.com\/wp-content\/uploads\/elementor\/thumbs\/Alli-r2k5zxxmmqzwvbh4crw4p7458qw3ipk5m08kgjcywo.jpg","datePublished":"2019-06-27T21:49:58+00:00","dateModified":"2026-01-15T09:29:13+00:00","description":"Discover Yoga Retreats at RipJack Inn. Experience tranquility and growth with expert instructors.","breadcrumb":{"@id":"https:\/\/ripjackinn.com\/yoga-playa-grande\/#breadcrumb"},"inLanguage":"es-CR","potentialAction":[{"@type":"ReadAction","target":["https:\/\/ripjackinn.com\/yoga-playa-grande\/"]}]},{"@type":"ImageObject","inLanguage":"es-CR","@id":"https:\/\/ripjackinn.com\/yoga-playa-grande\/#primaryimage","url":"https:\/\/ripjackinn.com\/wp-content\/uploads\/elementor\/thumbs\/Alli-r2k5zxxmmqzwvbh4crw4p7458qw3ipk5m08kgjcywo.jpg","contentUrl":"https:\/\/ripjackinn.com\/wp-content\/uploads\/elementor\/thumbs\/Alli-r2k5zxxmmqzwvbh4crw4p7458qw3ipk5m08kgjcywo.jpg"},{"@type":"BreadcrumbList","@id":"https:\/\/ripjackinn.com\/yoga-playa-grande\/#breadcrumb","itemListElement":[{"@type":"ListItem","position":1,"name":"Home","item":"https:\/\/ripjackinn.com\/"},{"@type":"ListItem","position":2,"name":"Yoga Playa Grande"}]},{"@type":"WebSite","@id":"https:\/\/ripjackinn.com\/es\/#website","url":"https:\/\/ripjackinn.com\/es\/","name":"RipJack Inn","description":"Boutique Surf and Yoga Hotel, Playa Grande Costa Rica","publisher":{"@id":"https:\/\/ripjackinn.com\/es\/#organization"},"potentialAction":[{"@type":"SearchAction","target":{"@type":"EntryPoint","urlTemplate":"https:\/\/ripjackinn.com\/es\/?s={search_term_string}"},"query-input":{"@type":"PropertyValueSpecification","valueRequired":true,"valueName":"search_term_string"}}],"inLanguage":"es-CR"},{"@type":"Organization","@id":"https:\/\/ripjackinn.com\/es\/#organization","name":"RipJack Inn","url":"https:\/\/ripjackinn.com\/es\/","logo":{"@type":"ImageObject","inLanguage":"es-CR","@id":"https:\/\/ripjackinn.com\/es\/#\/schema\/logo\/image\/","url":"https:\/\/apf0ca.p3cdn1.secureserver.net\/wp-content\/uploads\/2019\/05\/cropped-LOGO-SEMI-VECTOR-3-1.png?time=1726234843","contentUrl":"https:\/\/apf0ca.p3cdn1.secureserver.net\/wp-content\/uploads\/2019\/05\/cropped-LOGO-SEMI-VECTOR-3-1.png?time=1726234843","width":512,"height":512,"caption":"RipJack Inn"},"image":{"@id":"https:\/\/ripjackinn.com\/es\/#\/schema\/logo\/image\/"},"sameAs":["https:\/\/www.facebook.com\/RipJackInn\/","https:\/\/www.instagram.com\/ripjackinncr\/"]}]}},"_links":{"self":[{"href":"https:\/\/ripjackinn.com\/es\/wp-json\/wp\/v2\/pages\/1429","targetHints":{"allow":["GET"]}}],"collection":[{"href":"https:\/\/ripjackinn.com\/es\/wp-json\/wp\/v2\/pages"}],"about":[{"href":"https:\/\/ripjackinn.com\/es\/wp-json\/wp\/v2\/types\/page"}],"author":[{"embeddable":true,"href":"https:\/\/ripjackinn.com\/es\/wp-json\/wp\/v2\/users\/1"}],"replies":[{"embeddable":true,"href":"https:\/\/ripjackinn.com\/es\/wp-json\/wp\/v2\/comments?post=1429"}],"version-history":[{"count":1,"href":"https:\/\/ripjackinn.com\/es\/wp-json\/wp\/v2\/pages\/1429\/revisions"}],"predecessor-version":[{"id":6252,"href":"https:\/\/ripjackinn.com\/es\/wp-json\/wp\/v2\/pages\/1429\/revisions\/6252"}],"wp:attachment":[{"href":"https:\/\/ripjackinn.com\/es\/wp-json\/wp\/v2\/media?parent=1429"}],"curies":[{"name":"wp","href":"https:\/\/api.w.org\/{rel}","templated":true}]}}