{"id":1347,"date":"2019-06-27T09:52:50","date_gmt":"2019-06-27T09:52:50","guid":{"rendered":"https:\/\/ripjackinn.com\/?page_id=1347"},"modified":"2026-01-15T09:28:28","modified_gmt":"2026-01-15T09:28:28","slug":"privacy-policy","status":"publish","type":"page","link":"https:\/\/ripjackinn.com\/es\/privacy-policy\/","title":{"rendered":"Pol\u00edtica de privacidad"},"content":{"rendered":"<div data-elementor-type=\"wp-post\" data-elementor-id=\"1347\" class=\"elementor elementor-1347\" data-elementor-post-type=\"page\">\n\t\t\t\t\t\t<section class=\"elementor-section elementor-top-section elementor-element elementor-element-ac4f8b7 elementor-section-height-min-height elementor-section-boxed elementor-section-height-default elementor-section-items-middle\" data-id=\"ac4f8b7\" data-element_type=\"section\" data-e-type=\"section\" data-settings=\"{&quot;background_background&quot;:&quot;classic&quot;}\">\n\t\t\t\t\t\t<div class=\"elementor-container elementor-column-gap-default\">\n\t\t\t\t\t<div class=\"elementor-column elementor-col-100 elementor-top-column elementor-element elementor-element-f934fcd\" data-id=\"f934fcd\" data-element_type=\"column\" data-e-type=\"column\">\n\t\t\t<div class=\"elementor-widget-wrap elementor-element-populated\">\n\t\t\t\t\t\t<div class=\"elementor-element elementor-element-7b2622d elementor-widget elementor-widget-heading\" data-id=\"7b2622d\" data-element_type=\"widget\" data-e-type=\"widget\" data-widget_type=\"heading.default\">\n\t\t\t\t<div class=\"elementor-widget-container\">\n\t\t\t\t\t<h2 class=\"elementor-heading-title elementor-size-default\">Pol\u00edtica de privacidad<\/h2>\t\t\t\t<\/div>\n\t\t\t\t<\/div>\n\t\t\t\t\t<\/div>\n\t\t<\/div>\n\t\t\t\t\t<\/div>\n\t\t<\/section>\n\t\t\t\t<section class=\"elementor-section elementor-top-section elementor-element elementor-element-4080dd2 elementor-section-boxed elementor-section-height-default elementor-section-height-default\" data-id=\"4080dd2\" data-element_type=\"section\" data-e-type=\"section\" data-settings=\"{&quot;background_background&quot;:&quot;classic&quot;}\">\n\t\t\t\t\t\t<div class=\"elementor-container elementor-column-gap-default\">\n\t\t\t\t\t<div class=\"elementor-column elementor-col-100 elementor-top-column elementor-element elementor-element-be4b09e\" data-id=\"be4b09e\" data-element_type=\"column\" data-e-type=\"column\">\n\t\t\t<div class=\"elementor-widget-wrap elementor-element-populated\">\n\t\t\t\t\t\t<div class=\"elementor-element elementor-element-61a76a2 elementor-widget elementor-widget-heading\" data-id=\"61a76a2\" data-element_type=\"widget\" data-e-type=\"widget\" data-widget_type=\"heading.default\">\n\t\t\t\t<div class=\"elementor-widget-container\">\n\t\t\t\t\t<h2 class=\"elementor-heading-title elementor-size-default\">Recopilaci\u00f3n, uso e intercambio de informaci\u00f3n<\/h2>\t\t\t\t<\/div>\n\t\t\t\t<\/div>\n\t\t\t\t<div class=\"elementor-element elementor-element-89677a0 elementor-widget elementor-widget-text-editor\" data-id=\"89677a0\" data-element_type=\"widget\" data-e-type=\"widget\" data-widget_type=\"text-editor.default\">\n\t\t\t\t<div class=\"elementor-widget-container\">\n\t\t\t\t\t\t\t\t\t<p>RipJack Inn es el \u00fanico propietario de la informaci\u00f3n recopilada en este sitio. Solo tenemos acceso a \/ recopilamos informaci\u00f3n que voluntariamente nos proporciona por correo electr\u00f3nico u otro contacto directo suyo. No venderemos ni alquilaremos esta informaci\u00f3n a nadie.<\/p><p>RipJack Inn usar\u00e1 su informaci\u00f3n para responderle, con respecto a la raz\u00f3n por la que nos contact\u00f3. No compartiremos su informaci\u00f3n con ning\u00fan tercero fuera de nuestra organizaci\u00f3n.<\/p><p>A menos que nos solicite que no lo hagamos, podemos comunicarnos con usted por correo electr\u00f3nico en el futuro para informarle sobre ofertas especiales, nuevos productos o servicios, o cambios a esta pol\u00edtica de privacidad.<\/p>\t\t\t\t\t\t\t\t<\/div>\n\t\t\t\t<\/div>\n\t\t\t\t<div class=\"elementor-element elementor-element-c321450 elementor-widget elementor-widget-heading\" data-id=\"c321450\" data-element_type=\"widget\" data-e-type=\"widget\" data-widget_type=\"heading.default\">\n\t\t\t\t<div class=\"elementor-widget-container\">\n\t\t\t\t\t<h2 class=\"elementor-heading-title elementor-size-default\">Reservaciones<\/h2>\t\t\t\t<\/div>\n\t\t\t\t<\/div>\n\t\t\t\t<div class=\"elementor-element elementor-element-93495bd elementor-widget elementor-widget-text-editor\" data-id=\"93495bd\" data-element_type=\"widget\" data-e-type=\"widget\" data-widget_type=\"text-editor.default\">\n\t\t\t\t<div class=\"elementor-widget-container\">\n\t\t\t\t\t\t\t\t\t<p>Para utilizar nuestro motor de reservas, un usuario primero debe completar el formulario de registro. Durante el registro, se requiere que un usuario proporcione cierta informaci\u00f3n (como nombre y direcci\u00f3n de correo electr\u00f3nico). Esta informaci\u00f3n se utiliza para contactarlo sobre reservas de hotel en las que ha expresado inter\u00e9s. A su elecci\u00f3n, tambi\u00e9n puede proporcionar informaci\u00f3n demogr\u00e1fica (como sexo o edad) sobre usted, pero no es obligatorio.<\/p>\t\t\t\t\t\t\t\t<\/div>\n\t\t\t\t<\/div>\n\t\t\t\t<div class=\"elementor-element elementor-element-3b51572 elementor-widget elementor-widget-heading\" data-id=\"3b51572\" data-element_type=\"widget\" data-e-type=\"widget\" data-widget_type=\"heading.default\">\n\t\t\t\t<div class=\"elementor-widget-container\">\n\t\t\t\t\t<h2 class=\"elementor-heading-title elementor-size-default\">Campo de golf<\/h2>\t\t\t\t<\/div>\n\t\t\t\t<\/div>\n\t\t\t\t<div class=\"elementor-element elementor-element-9d51668 elementor-widget elementor-widget-text-editor\" data-id=\"9d51668\" data-element_type=\"widget\" data-e-type=\"widget\" data-widget_type=\"text-editor.default\">\n\t\t\t\t<div class=\"elementor-widget-container\">\n\t\t\t\t\t\t\t\t\t<p>Este sitio web contiene enlaces a otros sitios. Tenga en cuenta que no somos responsables del contenido ni de las pr\u00e1cticas de privacidad de dichos sitios. Alentamos a nuestros usuarios a que est\u00e9n atentos cuando abandonen nuestro sitio y lean las declaraciones de privacidad de cualquier otro sitio que recopile informaci\u00f3n de identificaci\u00f3n personal.<\/p>\t\t\t\t\t\t\t\t<\/div>\n\t\t\t\t<\/div>\n\t\t\t\t\t<\/div>\n\t\t<\/div>\n\t\t\t\t\t<\/div>\n\t\t<\/section>\n\t\t\t\t<\/div>","protected":false},"excerpt":{"rendered":"<p>Privacy Policy Information Collection, Use, and Sharing RipJack Inn is the sole owner of the information collected on this site. We only have access to\/collect information that you voluntarily give us via email or other direct contact from you. We will not sell or rent this information to anyone. RipJack Inn will use your information [&hellip;]<\/p>\n","protected":false},"author":1,"featured_media":0,"parent":0,"menu_order":0,"comment_status":"closed","ping_status":"closed","template":"elementor_header_footer","meta":{"om_disable_all_campaigns":false,"_monsterinsights_skip_tracking":false,"_monsterinsights_sitenote_active":false,"_monsterinsights_sitenote_note":"","_monsterinsights_sitenote_category":0,"_uf_show_specific_survey":0,"_uf_disable_surveys":false,"footnotes":""},"class_list":["post-1347","page","type-page","status-publish","hentry"],"yoast_head":"<!-- This site is optimized with the Yoast SEO Premium plugin v25.8 (Yoast SEO v27.3) - https:\/\/yoast.com\/product\/yoast-seo-premium-wordpress\/ -->\n<title>Privacy Policy | Information Collection by RipJack Inn<\/title>\n<meta name=\"description\" content=\"Protect your data with the Privacy Policy at RipJack Inn. Learn how we handle Information Collection responsibly.\" \/>\n<meta name=\"robots\" content=\"index, follow, max-snippet:-1, max-image-preview:large, max-video-preview:-1\" \/>\n<link rel=\"canonical\" href=\"https:\/\/ripjackinn.com\/es\/privacy-policy\/\" \/>\n<meta property=\"og:locale\" content=\"es_ES\" \/>\n<meta property=\"og:type\" content=\"article\" \/>\n<meta property=\"og:title\" content=\"Privacy Policy\" \/>\n<meta property=\"og:description\" content=\"Protect your data with the Privacy Policy at RipJack Inn. Learn how we handle Information Collection responsibly.\" \/>\n<meta property=\"og:url\" content=\"https:\/\/ripjackinn.com\/es\/privacy-policy\/\" \/>\n<meta property=\"og:site_name\" content=\"RipJack Inn\" \/>\n<meta property=\"article:publisher\" content=\"https:\/\/www.facebook.com\/RipJackInn\/\" \/>\n<meta property=\"article:modified_time\" content=\"2026-01-15T09:28:28+00:00\" \/>\n<meta name=\"twitter:card\" content=\"summary_large_image\" \/>\n<meta name=\"twitter:label1\" content=\"Est. reading time\" \/>\n\t<meta name=\"twitter:data1\" content=\"1 minuto\" \/>\n<script type=\"application\/ld+json\" class=\"yoast-schema-graph\">{\"@context\":\"https:\\\/\\\/schema.org\",\"@graph\":[{\"@type\":\"WebPage\",\"@id\":\"https:\\\/\\\/ripjackinn.com\\\/privacy-policy\\\/\",\"url\":\"https:\\\/\\\/ripjackinn.com\\\/privacy-policy\\\/\",\"name\":\"Privacy Policy | Information Collection by RipJack Inn\",\"isPartOf\":{\"@id\":\"https:\\\/\\\/ripjackinn.com\\\/es\\\/#website\"},\"datePublished\":\"2019-06-27T09:52:50+00:00\",\"dateModified\":\"2026-01-15T09:28:28+00:00\",\"description\":\"Protect your data with the Privacy Policy at RipJack Inn. Learn how we handle Information Collection responsibly.\",\"breadcrumb\":{\"@id\":\"https:\\\/\\\/ripjackinn.com\\\/privacy-policy\\\/#breadcrumb\"},\"inLanguage\":\"es-CR\",\"potentialAction\":[{\"@type\":\"ReadAction\",\"target\":[\"https:\\\/\\\/ripjackinn.com\\\/privacy-policy\\\/\"]}]},{\"@type\":\"BreadcrumbList\",\"@id\":\"https:\\\/\\\/ripjackinn.com\\\/privacy-policy\\\/#breadcrumb\",\"itemListElement\":[{\"@type\":\"ListItem\",\"position\":1,\"name\":\"Home\",\"item\":\"https:\\\/\\\/ripjackinn.com\\\/\"},{\"@type\":\"ListItem\",\"position\":2,\"name\":\"Privacy Policy\"}]},{\"@type\":\"WebSite\",\"@id\":\"https:\\\/\\\/ripjackinn.com\\\/es\\\/#website\",\"url\":\"https:\\\/\\\/ripjackinn.com\\\/es\\\/\",\"name\":\"RipJack Inn\",\"description\":\"Boutique Surf and Yoga Hotel, Playa Grande Costa Rica\",\"publisher\":{\"@id\":\"https:\\\/\\\/ripjackinn.com\\\/es\\\/#organization\"},\"potentialAction\":[{\"@type\":\"SearchAction\",\"target\":{\"@type\":\"EntryPoint\",\"urlTemplate\":\"https:\\\/\\\/ripjackinn.com\\\/es\\\/?s={search_term_string}\"},\"query-input\":{\"@type\":\"PropertyValueSpecification\",\"valueRequired\":true,\"valueName\":\"search_term_string\"}}],\"inLanguage\":\"es-CR\"},{\"@type\":\"Organization\",\"@id\":\"https:\\\/\\\/ripjackinn.com\\\/es\\\/#organization\",\"name\":\"RipJack Inn\",\"url\":\"https:\\\/\\\/ripjackinn.com\\\/es\\\/\",\"logo\":{\"@type\":\"ImageObject\",\"inLanguage\":\"es-CR\",\"@id\":\"https:\\\/\\\/ripjackinn.com\\\/es\\\/#\\\/schema\\\/logo\\\/image\\\/\",\"url\":\"https:\\\/\\\/apf0ca.p3cdn1.secureserver.net\\\/wp-content\\\/uploads\\\/2019\\\/05\\\/cropped-LOGO-SEMI-VECTOR-3-1.png?time=1726234843\",\"contentUrl\":\"https:\\\/\\\/apf0ca.p3cdn1.secureserver.net\\\/wp-content\\\/uploads\\\/2019\\\/05\\\/cropped-LOGO-SEMI-VECTOR-3-1.png?time=1726234843\",\"width\":512,\"height\":512,\"caption\":\"RipJack Inn\"},\"image\":{\"@id\":\"https:\\\/\\\/ripjackinn.com\\\/es\\\/#\\\/schema\\\/logo\\\/image\\\/\"},\"sameAs\":[\"https:\\\/\\\/www.facebook.com\\\/RipJackInn\\\/\",\"https:\\\/\\\/www.instagram.com\\\/ripjackinncr\\\/\"]}]}<\/script>\n<!-- \/ Yoast SEO Premium plugin. -->","yoast_head_json":{"title":"Privacy Policy | Information Collection by RipJack Inn","description":"Protect your data with the Privacy Policy at RipJack Inn. Learn how we handle Information Collection responsibly.","robots":{"index":"index","follow":"follow","max-snippet":"max-snippet:-1","max-image-preview":"max-image-preview:large","max-video-preview":"max-video-preview:-1"},"canonical":"https:\/\/ripjackinn.com\/es\/privacy-policy\/","og_locale":"es_ES","og_type":"article","og_title":"Privacy Policy","og_description":"Protect your data with the Privacy Policy at RipJack Inn. Learn how we handle Information Collection responsibly.","og_url":"https:\/\/ripjackinn.com\/es\/privacy-policy\/","og_site_name":"RipJack Inn","article_publisher":"https:\/\/www.facebook.com\/RipJackInn\/","article_modified_time":"2026-01-15T09:28:28+00:00","twitter_card":"summary_large_image","twitter_misc":{"Est. reading time":"1 minuto"},"schema":{"@context":"https:\/\/schema.org","@graph":[{"@type":"WebPage","@id":"https:\/\/ripjackinn.com\/privacy-policy\/","url":"https:\/\/ripjackinn.com\/privacy-policy\/","name":"Privacy Policy | Information Collection by RipJack Inn","isPartOf":{"@id":"https:\/\/ripjackinn.com\/es\/#website"},"datePublished":"2019-06-27T09:52:50+00:00","dateModified":"2026-01-15T09:28:28+00:00","description":"Protect your data with the Privacy Policy at RipJack Inn. Learn how we handle Information Collection responsibly.","breadcrumb":{"@id":"https:\/\/ripjackinn.com\/privacy-policy\/#breadcrumb"},"inLanguage":"es-CR","potentialAction":[{"@type":"ReadAction","target":["https:\/\/ripjackinn.com\/privacy-policy\/"]}]},{"@type":"BreadcrumbList","@id":"https:\/\/ripjackinn.com\/privacy-policy\/#breadcrumb","itemListElement":[{"@type":"ListItem","position":1,"name":"Home","item":"https:\/\/ripjackinn.com\/"},{"@type":"ListItem","position":2,"name":"Privacy Policy"}]},{"@type":"WebSite","@id":"https:\/\/ripjackinn.com\/es\/#website","url":"https:\/\/ripjackinn.com\/es\/","name":"RipJack Inn","description":"Boutique Surf and Yoga Hotel, Playa Grande Costa Rica","publisher":{"@id":"https:\/\/ripjackinn.com\/es\/#organization"},"potentialAction":[{"@type":"SearchAction","target":{"@type":"EntryPoint","urlTemplate":"https:\/\/ripjackinn.com\/es\/?s={search_term_string}"},"query-input":{"@type":"PropertyValueSpecification","valueRequired":true,"valueName":"search_term_string"}}],"inLanguage":"es-CR"},{"@type":"Organization","@id":"https:\/\/ripjackinn.com\/es\/#organization","name":"RipJack Inn","url":"https:\/\/ripjackinn.com\/es\/","logo":{"@type":"ImageObject","inLanguage":"es-CR","@id":"https:\/\/ripjackinn.com\/es\/#\/schema\/logo\/image\/","url":"https:\/\/apf0ca.p3cdn1.secureserver.net\/wp-content\/uploads\/2019\/05\/cropped-LOGO-SEMI-VECTOR-3-1.png?time=1726234843","contentUrl":"https:\/\/apf0ca.p3cdn1.secureserver.net\/wp-content\/uploads\/2019\/05\/cropped-LOGO-SEMI-VECTOR-3-1.png?time=1726234843","width":512,"height":512,"caption":"RipJack Inn"},"image":{"@id":"https:\/\/ripjackinn.com\/es\/#\/schema\/logo\/image\/"},"sameAs":["https:\/\/www.facebook.com\/RipJackInn\/","https:\/\/www.instagram.com\/ripjackinncr\/"]}]}},"_links":{"self":[{"href":"https:\/\/ripjackinn.com\/es\/wp-json\/wp\/v2\/pages\/1347","targetHints":{"allow":["GET"]}}],"collection":[{"href":"https:\/\/ripjackinn.com\/es\/wp-json\/wp\/v2\/pages"}],"about":[{"href":"https:\/\/ripjackinn.com\/es\/wp-json\/wp\/v2\/types\/page"}],"author":[{"embeddable":true,"href":"https:\/\/ripjackinn.com\/es\/wp-json\/wp\/v2\/users\/1"}],"replies":[{"embeddable":true,"href":"https:\/\/ripjackinn.com\/es\/wp-json\/wp\/v2\/comments?post=1347"}],"version-history":[{"count":1,"href":"https:\/\/ripjackinn.com\/es\/wp-json\/wp\/v2\/pages\/1347\/revisions"}],"predecessor-version":[{"id":6245,"href":"https:\/\/ripjackinn.com\/es\/wp-json\/wp\/v2\/pages\/1347\/revisions\/6245"}],"wp:attachment":[{"href":"https:\/\/ripjackinn.com\/es\/wp-json\/wp\/v2\/media?parent=1347"}],"curies":[{"name":"wp","href":"https:\/\/api.w.org\/{rel}","templated":true}]}}