{"id":1285,"date":"2019-06-26T08:55:19","date_gmt":"2019-06-26T08:55:19","guid":{"rendered":"https:\/\/ripjackinn.com\/?page_id=1285"},"modified":"2026-01-15T09:27:27","modified_gmt":"2026-01-15T09:27:27","slug":"about","status":"publish","type":"page","link":"https:\/\/ripjackinn.com\/es\/about\/","title":{"rendered":"Acerca de"},"content":{"rendered":"<div data-elementor-type=\"wp-post\" data-elementor-id=\"1285\" class=\"elementor elementor-1285\" data-elementor-post-type=\"page\">\n\t\t\t\t\t\t<header class=\"elementor-section elementor-top-section elementor-element elementor-element-4952f17c elementor-section-full_width elementor-section-height-min-height elementor-section-content-middle elementor-section-height-default elementor-section-items-middle\" data-id=\"4952f17c\" data-element_type=\"section\" data-e-type=\"section\">\n\t\t\t\t\t\t<div class=\"elementor-container elementor-column-gap-no\">\n\t\t\t\t\t<div class=\"elementor-column elementor-col-50 elementor-top-column elementor-element elementor-element-7eb74d37\" data-id=\"7eb74d37\" data-element_type=\"column\" data-e-type=\"column\">\n\t\t\t<div class=\"elementor-widget-wrap elementor-element-populated\">\n\t\t\t\t\t\t<div class=\"elementor-element elementor-element-1381d691 elementor-widget elementor-widget-image\" data-id=\"1381d691\" data-element_type=\"widget\" data-e-type=\"widget\" data-widget_type=\"image.default\">\n\t\t\t\t<div class=\"elementor-widget-container\">\n\t\t\t\t\t\t\t\t\t\t\t\t\t\t\t\t<a href=\"https:\/\/ripjackinn.com\/es\">\n\t\t\t\t\t\t\t<img fetchpriority=\"high\" decoding=\"async\" width=\"2759\" height=\"548\" src=\"https:\/\/ripjackinn.com\/wp-content\/uploads\/2023\/12\/RIPJACKINN-e1701722736834.png\" class=\"attachment-full size-full wp-image-4371\" alt=\"RipJack Inn: The Place To Be\" srcset=\"https:\/\/ripjackinn.com\/wp-content\/uploads\/2023\/12\/RIPJACKINN-e1701722736834.png 2759w, https:\/\/ripjackinn.com\/wp-content\/uploads\/2023\/12\/RIPJACKINN-e1701722736834-300x60.png 300w, https:\/\/ripjackinn.com\/wp-content\/uploads\/2023\/12\/RIPJACKINN-e1701722736834-1024x203.png 1024w, https:\/\/ripjackinn.com\/wp-content\/uploads\/2023\/12\/RIPJACKINN-e1701722736834-768x153.png 768w, https:\/\/ripjackinn.com\/wp-content\/uploads\/2023\/12\/RIPJACKINN-e1701722736834-1536x305.png 1536w, https:\/\/ripjackinn.com\/wp-content\/uploads\/2023\/12\/RIPJACKINN-e1701722736834-2048x407.png 2048w, https:\/\/ripjackinn.com\/wp-content\/uploads\/2023\/12\/RIPJACKINN-e1701722736834-18x4.png 18w\" sizes=\"(max-width: 2759px) 100vw, 2759px\" \/>\t\t\t\t\t\t\t\t<\/a>\n\t\t\t\t\t\t\t\t\t\t\t\t\t\t\t<\/div>\n\t\t\t\t<\/div>\n\t\t\t\t\t<\/div>\n\t\t<\/div>\n\t\t\t\t<div class=\"elementor-column elementor-col-50 elementor-top-column elementor-element elementor-element-6fc5e8e2\" data-id=\"6fc5e8e2\" data-element_type=\"column\" data-e-type=\"column\">\n\t\t\t<div class=\"elementor-widget-wrap\">\n\t\t\t\t\t\t\t<\/div>\n\t\t<\/div>\n\t\t\t\t\t<\/div>\n\t\t<\/header>\n\t\t\t\t<section class=\"elementor-section elementor-top-section elementor-element elementor-element-ac4f8b7 elementor-section-height-min-height elementor-section-boxed elementor-section-height-default elementor-section-items-middle\" data-id=\"ac4f8b7\" data-element_type=\"section\" data-e-type=\"section\" data-settings=\"{&quot;background_background&quot;:&quot;classic&quot;}\">\n\t\t\t\t\t\t\t<div class=\"elementor-background-overlay\"><\/div>\n\t\t\t\t\t\t\t<div class=\"elementor-container elementor-column-gap-default\">\n\t\t\t\t\t<div class=\"elementor-column elementor-col-100 elementor-top-column elementor-element elementor-element-f934fcd\" data-id=\"f934fcd\" data-element_type=\"column\" data-e-type=\"column\" data-settings=\"{&quot;background_background&quot;:&quot;gradient&quot;}\">\n\t\t\t<div class=\"elementor-widget-wrap elementor-element-populated\">\n\t\t\t\t\t\t<div class=\"elementor-element elementor-element-7b2622d elementor-widget elementor-widget-heading\" data-id=\"7b2622d\" data-element_type=\"widget\" data-e-type=\"widget\" data-widget_type=\"heading.default\">\n\t\t\t\t<div class=\"elementor-widget-container\">\n\t\t\t\t\t<h2 class=\"elementor-heading-title elementor-size-default\">\u00a1Hotel RipJack Inn es el lugar para estar en Playa Grande, Costa Rica!<\/h2>\t\t\t\t<\/div>\n\t\t\t\t<\/div>\n\t\t\t\t<div class=\"elementor-element elementor-element-3530253 elementor-widget elementor-widget-text-editor\" data-id=\"3530253\" data-element_type=\"widget\" data-e-type=\"widget\" data-widget_type=\"text-editor.default\">\n\t\t\t\t<div class=\"elementor-widget-container\">\n\t\t\t\t\t\t\t\t\tSobre nosotros\t\t\t\t\t\t\t\t<\/div>\n\t\t\t\t<\/div>\n\t\t\t\t\t<\/div>\n\t\t<\/div>\n\t\t\t\t\t<\/div>\n\t\t<\/section>\n\t\t\t\t<section class=\"elementor-section elementor-top-section elementor-element elementor-element-4080dd2 elementor-section-boxed elementor-section-height-default elementor-section-height-default\" data-id=\"4080dd2\" data-element_type=\"section\" data-e-type=\"section\" data-settings=\"{&quot;background_background&quot;:&quot;classic&quot;}\">\n\t\t\t\t\t\t<div class=\"elementor-container elementor-column-gap-default\">\n\t\t\t\t\t<div class=\"elementor-column elementor-col-100 elementor-top-column elementor-element elementor-element-be4b09e\" data-id=\"be4b09e\" data-element_type=\"column\" data-e-type=\"column\">\n\t\t\t<div class=\"elementor-widget-wrap elementor-element-populated\">\n\t\t\t\t\t\t<div class=\"elementor-element elementor-element-59e6c01 elementor-widget elementor-widget-image\" data-id=\"59e6c01\" data-element_type=\"widget\" data-e-type=\"widget\" data-widget_type=\"image.default\">\n\t\t\t\t<div class=\"elementor-widget-container\">\n\t\t\t\t\t\t\t\t\t\t\t\t\t\t\t<img decoding=\"async\" width=\"300\" height=\"300\" src=\"https:\/\/ripjackinn.com\/wp-content\/uploads\/2019\/05\/cropped-LOGO-SEMI-VECTOR-3-1-300x300.png\" class=\"attachment-medium size-medium wp-image-3679\" alt=\"RipJack Inn Playa Grande Costa Rica\" srcset=\"https:\/\/ripjackinn.com\/wp-content\/uploads\/2019\/05\/cropped-LOGO-SEMI-VECTOR-3-1-300x300.png 300w, https:\/\/ripjackinn.com\/wp-content\/uploads\/2019\/05\/cropped-LOGO-SEMI-VECTOR-3-1-150x150.png 150w, https:\/\/ripjackinn.com\/wp-content\/uploads\/2019\/05\/cropped-LOGO-SEMI-VECTOR-3-1-12x12.png 12w, https:\/\/ripjackinn.com\/wp-content\/uploads\/2019\/05\/cropped-LOGO-SEMI-VECTOR-3-1-270x270.png 270w, https:\/\/ripjackinn.com\/wp-content\/uploads\/2019\/05\/cropped-LOGO-SEMI-VECTOR-3-1-192x192.png 192w, https:\/\/ripjackinn.com\/wp-content\/uploads\/2019\/05\/cropped-LOGO-SEMI-VECTOR-3-1-180x180.png 180w, https:\/\/ripjackinn.com\/wp-content\/uploads\/2019\/05\/cropped-LOGO-SEMI-VECTOR-3-1-32x32.png 32w, https:\/\/ripjackinn.com\/wp-content\/uploads\/2019\/05\/cropped-LOGO-SEMI-VECTOR-3-1.png 512w\" sizes=\"(max-width: 300px) 100vw, 300px\" \/>\t\t\t\t\t\t\t\t\t\t\t\t\t\t\t<\/div>\n\t\t\t\t<\/div>\n\t\t\t\t<div class=\"elementor-element elementor-element-7a2e534 elementor-widget elementor-widget-text-editor\" data-id=\"7a2e534\" data-element_type=\"widget\" data-e-type=\"widget\" data-widget_type=\"text-editor.default\">\n\t\t\t\t<div class=\"elementor-widget-container\">\n\t\t\t\t\t\t\t\t\t<p><span style=\"color: #131210; font-weight: 500;\">En 2002, dejamos nuestros trabajos corporativos en busca de una mejor calidad de vida. Condujimos nuestro Toyota 4Runner con nuestros dos perros, Ripley y Jack Brown (de ah\u00ed el nombre RipJack), de California a Costa Rica. Despu\u00e9s de meses de exploraci\u00f3n, el peque\u00f1o pueblo m\u00e1gico de Playa Grande se gan\u00f3 nuestros corazones. <\/span><\/p><p><span style=\"color: #131210; font-weight: 500;\">Pasamos unos a\u00f1os convirti\u00e9ndonos en locales, que fue cuando conocimos a nuestro buen amigo y socio Luli Andreozzi. Al darnos cuenta de que era hora de hacer algo en Costa Rica o regresar a los Estados Unidos, reunimos a algunos amigos, aportamos dinero y compramos un peque\u00f1o hotel de 8 habitaciones en la playa. \u00a1No ten\u00edamos idea de la aventura en la que est\u00e1bamos a punto de embarcarnos!<\/span><\/p><p>Lo que comenz\u00f3 con 8 habitaciones y un peque\u00f1o restaurante se ha convertido en los \u00faltimos quince a\u00f1os en un <a href=\"http:\/\/apf.0ca.myftpupload.com\/accommodations\/\">Hotel boutique de 21 habitaciones<\/a> que ahora tambi\u00e9n incluye: 2 piscinas, <a href=\"http:\/\/apf.0ca.myftpupload.com\/yoga-shala\/\">2 estudios de yoga<\/a> y un <a href=\"http:\/\/apf.0ca.myftpupload.com\/restaurant\/\">Gran restaurante en la cima del \u00e1rbol.<\/a><\/p><p>Consideramos que el hotel es una extensi\u00f3n de nuestro hogar. El personal lo trata como a una familia y el ambiente aqu\u00ed es como en ning\u00fan otro lugar del mundo. Ya sea que elija un <a href=\"#\">habitaci\u00f3n est\u00e1ndar<\/a> o un <a href=\"#\">suite familiar<\/a>, nuestro hotel de Playa Grande tiene algo para todos.<\/p><p>El RipJack Inn se encuentra a 75 metros del surf principal de Playa Grande. Las clases diarias de yoga se ofrecen al p\u00fablico en nuestra hermosa shala. Si te encanta surfear, si te gusta practicar yoga y te encanta la buena comida, \u00a1aqu\u00ed te sentir\u00e1s como en casa!<\/p><p>A\u00f1o tras a\u00f1o, los hu\u00e9spedes que regresan hacen su viaje anual a nuestro hotel, y los nuevos visitantes descubren lo que hace <a href=\"http:\/\/apf.0ca.myftpupload.com\/\">RipJack Inn<\/a> El lugar donde alojarse en Playa Grande, Costa Rica.<\/p>\t\t\t\t\t\t\t\t<\/div>\n\t\t\t\t<\/div>\n\t\t\t\t\t<\/div>\n\t\t<\/div>\n\t\t\t\t\t<\/div>\n\t\t<\/section>\n\t\t\t\t<section class=\"elementor-section elementor-top-section elementor-element elementor-element-5428498 elementor-section-boxed elementor-section-height-default elementor-section-height-default\" data-id=\"5428498\" data-element_type=\"section\" data-e-type=\"section\" data-settings=\"{&quot;background_background&quot;:&quot;classic&quot;}\">\n\t\t\t\t\t\t\t<div class=\"elementor-background-overlay\"><\/div>\n\t\t\t\t\t\t\t<div class=\"elementor-container elementor-column-gap-default\">\n\t\t\t\t\t<div class=\"elementor-column elementor-col-100 elementor-top-column elementor-element elementor-element-9022769\" data-id=\"9022769\" data-element_type=\"column\" data-e-type=\"column\">\n\t\t\t<div class=\"elementor-widget-wrap elementor-element-populated\">\n\t\t\t\t\t\t<section class=\"elementor-section elementor-inner-section elementor-element elementor-element-eb05265 elementor-section-boxed elementor-section-height-default elementor-section-height-default\" data-id=\"eb05265\" data-element_type=\"section\" data-e-type=\"section\">\n\t\t\t\t\t\t<div class=\"elementor-container elementor-column-gap-default\">\n\t\t\t\t\t<div class=\"elementor-column elementor-col-100 elementor-inner-column elementor-element elementor-element-f6986b1\" data-id=\"f6986b1\" data-element_type=\"column\" data-e-type=\"column\">\n\t\t\t<div class=\"elementor-widget-wrap elementor-element-populated\">\n\t\t\t\t\t\t<div class=\"elementor-element elementor-element-347a1e5 elementor-widget elementor-widget-elementskit-heading\" data-id=\"347a1e5\" data-element_type=\"widget\" data-e-type=\"widget\" data-widget_type=\"elementskit-heading.default\">\n\t\t\t\t<div class=\"elementor-widget-container\">\n\t\t\t\t\t<div class=\"ekit-wid-con\" ><div class=\"ekit-heading elementskit-section-title-wraper center   ekit_heading_tablet-   ekit_heading_mobile-\"><h2 class=\"ekit-heading--title elementskit-section-title\">Bienvenidos<\/h2><\/div><\/div>\t\t\t\t<\/div>\n\t\t\t\t<\/div>\n\t\t\t\t\t<\/div>\n\t\t<\/div>\n\t\t\t\t\t<\/div>\n\t\t<\/section>\n\t\t\t\t<section class=\"elementor-section elementor-inner-section elementor-element elementor-element-6392c14 elementor-section-boxed elementor-section-height-default elementor-section-height-default\" data-id=\"6392c14\" data-element_type=\"section\" data-e-type=\"section\">\n\t\t\t\t\t\t<div class=\"elementor-container elementor-column-gap-default\">\n\t\t\t\t\t<div class=\"elementor-column elementor-col-100 elementor-inner-column elementor-element elementor-element-c2d3db2\" data-id=\"c2d3db2\" data-element_type=\"column\" data-e-type=\"column\">\n\t\t\t<div class=\"elementor-widget-wrap elementor-element-populated\">\n\t\t\t\t\t\t<div class=\"elementor-element elementor-element-db5d42e elementor-widget elementor-widget-text-editor\" data-id=\"db5d42e\" data-element_type=\"widget\" data-e-type=\"widget\" data-widget_type=\"text-editor.default\">\n\t\t\t\t<div class=\"elementor-widget-container\">\n\t\t\t\t\t\t\t\t\t<p>\u201cEn 2002, dejamos el norte de California en nuestro Toyota 4 Runner con Ripley (Doberman azul) y Jack Brown (puntero alem\u00e1n de pelo corto) y comenzamos la aventura m\u00e1s grande de nuestras vidas. Con Costa Rica como nuestro destino, viajamos por todas partes y nos enamoramos de Playa Grande. A nuestra llegada nos encontramos con nuestro buen amigo y socio, Luli, quien tambi\u00e9n se mud\u00f3 aqu\u00ed desde Argentina en 2002.<\/p><p>Pasamos dos a\u00f1os en Playa Grande antes de comprar el hotel y nos cautiv\u00f3 la gente y la belleza que este peque\u00f1o pueblo tiene para ofrecer. \u00a1Esperamos que tambi\u00e9n sientas la vibra, av\u00edsanos si hay algo que podamos hacer para que tu estad\u00eda sea m\u00e1s agradable! \u201d<\/p>\t\t\t\t\t\t\t\t<\/div>\n\t\t\t\t<\/div>\n\t\t\t\t<div class=\"elementor-element elementor-element-c619b9b elementor-widget elementor-widget-heading\" data-id=\"c619b9b\" data-element_type=\"widget\" data-e-type=\"widget\" data-widget_type=\"heading.default\">\n\t\t\t\t<div class=\"elementor-widget-container\">\n\t\t\t\t\t<h5 class=\"elementor-heading-title elementor-size-default\">Pura vida,<br \/>Dave. Annie &amp; Luli<\/h5>\t\t\t\t<\/div>\n\t\t\t\t<\/div>\n\t\t\t\t\t<\/div>\n\t\t<\/div>\n\t\t\t\t\t<\/div>\n\t\t<\/section>\n\t\t\t\t\t<\/div>\n\t\t<\/div>\n\t\t\t\t\t<\/div>\n\t\t<\/section>\n\t\t\t\t<section class=\"elementor-section elementor-top-section elementor-element elementor-element-0fb76c4 elementor-section-boxed elementor-section-height-default elementor-section-height-default\" data-id=\"0fb76c4\" data-element_type=\"section\" data-e-type=\"section\">\n\t\t\t\t\t\t<div class=\"elementor-container elementor-column-gap-default\">\n\t\t\t\t\t<div class=\"elementor-column elementor-col-100 elementor-top-column elementor-element elementor-element-cfbf6bb\" data-id=\"cfbf6bb\" data-element_type=\"column\" data-e-type=\"column\">\n\t\t\t<div class=\"elementor-widget-wrap\">\n\t\t\t\t\t\t\t<\/div>\n\t\t<\/div>\n\t\t\t\t\t<\/div>\n\t\t<\/section>\n\t\t\t\t<\/div>","protected":false},"excerpt":{"rendered":"<p>Hotel RipJack Inn is The Place to Be in Playa Grande, Costa Rica! About Us In 2002, we\u00a0 left our corporate jobs in search of a higher quality of life. We drove our Toyota 4Runner with our two dogs, Ripley and Jack Brown (hence the name RipJack), from California to Costa Rica.\u00a0 After months of [&hellip;]<\/p>\n","protected":false},"author":1,"featured_media":0,"parent":0,"menu_order":0,"comment_status":"closed","ping_status":"closed","template":"elementor_header_footer","meta":{"om_disable_all_campaigns":false,"_monsterinsights_skip_tracking":false,"_monsterinsights_sitenote_active":false,"_monsterinsights_sitenote_note":"","_monsterinsights_sitenote_category":0,"_uf_show_specific_survey":0,"_uf_disable_surveys":false,"footnotes":""},"class_list":["post-1285","page","type-page","status-publish","hentry"],"yoast_head":"<!-- This site is optimized with the Yoast SEO Premium plugin v25.8 (Yoast SEO v27.3) - https:\/\/yoast.com\/product\/yoast-seo-premium-wordpress\/ -->\n<title>About | Surfing and Yoga Retreat at RipJack Inn<\/title>\n<meta name=\"description\" content=\"Discover Surfing and Yoga Retreat at RipJack Inn. Stay in Playa Grande for unforgettable experiences.\" \/>\n<meta name=\"robots\" content=\"index, follow, max-snippet:-1, max-image-preview:large, max-video-preview:-1\" \/>\n<link rel=\"canonical\" href=\"https:\/\/ripjackinn.com\/es\/about\/\" \/>\n<meta property=\"og:locale\" content=\"es_ES\" \/>\n<meta property=\"og:type\" content=\"article\" \/>\n<meta property=\"og:title\" content=\"About\" \/>\n<meta property=\"og:description\" content=\"Discover Surfing and Yoga Retreat at RipJack Inn. Stay in Playa Grande for unforgettable experiences.\" \/>\n<meta property=\"og:url\" content=\"https:\/\/ripjackinn.com\/es\/about\/\" \/>\n<meta property=\"og:site_name\" content=\"RipJack Inn\" \/>\n<meta property=\"article:publisher\" content=\"https:\/\/www.facebook.com\/RipJackInn\/\" \/>\n<meta property=\"article:modified_time\" content=\"2026-01-15T09:27:27+00:00\" \/>\n<meta property=\"og:image\" content=\"https:\/\/ripjackinn.com\/wp-content\/uploads\/2023\/12\/RIPJACKINN-e1701722736834.png\" \/>\n\t<meta property=\"og:image:width\" content=\"2759\" \/>\n\t<meta property=\"og:image:height\" content=\"548\" \/>\n\t<meta property=\"og:image:type\" content=\"image\/png\" \/>\n<meta name=\"twitter:card\" content=\"summary_large_image\" \/>\n<meta name=\"twitter:label1\" content=\"Est. reading time\" \/>\n\t<meta name=\"twitter:data1\" content=\"3 minutos\" \/>\n<script type=\"application\/ld+json\" class=\"yoast-schema-graph\">{\"@context\":\"https:\\\/\\\/schema.org\",\"@graph\":[{\"@type\":\"WebPage\",\"@id\":\"https:\\\/\\\/ripjackinn.com\\\/about\\\/\",\"url\":\"https:\\\/\\\/ripjackinn.com\\\/about\\\/\",\"name\":\"About | Surfing and Yoga Retreat at RipJack Inn\",\"isPartOf\":{\"@id\":\"https:\\\/\\\/ripjackinn.com\\\/es\\\/#website\"},\"primaryImageOfPage\":{\"@id\":\"https:\\\/\\\/ripjackinn.com\\\/about\\\/#primaryimage\"},\"image\":{\"@id\":\"https:\\\/\\\/ripjackinn.com\\\/about\\\/#primaryimage\"},\"thumbnailUrl\":\"https:\\\/\\\/ripjackinn.com\\\/wp-content\\\/uploads\\\/2023\\\/12\\\/RIPJACKINN-e1701722736834.png\",\"datePublished\":\"2019-06-26T08:55:19+00:00\",\"dateModified\":\"2026-01-15T09:27:27+00:00\",\"description\":\"Discover Surfing and Yoga Retreat at RipJack Inn. Stay in Playa Grande for unforgettable experiences.\",\"breadcrumb\":{\"@id\":\"https:\\\/\\\/ripjackinn.com\\\/about\\\/#breadcrumb\"},\"inLanguage\":\"es-CR\",\"potentialAction\":[{\"@type\":\"ReadAction\",\"target\":[\"https:\\\/\\\/ripjackinn.com\\\/about\\\/\"]}]},{\"@type\":\"ImageObject\",\"inLanguage\":\"es-CR\",\"@id\":\"https:\\\/\\\/ripjackinn.com\\\/about\\\/#primaryimage\",\"url\":\"https:\\\/\\\/ripjackinn.com\\\/wp-content\\\/uploads\\\/2023\\\/12\\\/RIPJACKINN-e1701722736834.png\",\"contentUrl\":\"https:\\\/\\\/ripjackinn.com\\\/wp-content\\\/uploads\\\/2023\\\/12\\\/RIPJACKINN-e1701722736834.png\"},{\"@type\":\"BreadcrumbList\",\"@id\":\"https:\\\/\\\/ripjackinn.com\\\/about\\\/#breadcrumb\",\"itemListElement\":[{\"@type\":\"ListItem\",\"position\":1,\"name\":\"Home\",\"item\":\"https:\\\/\\\/ripjackinn.com\\\/\"},{\"@type\":\"ListItem\",\"position\":2,\"name\":\"About\"}]},{\"@type\":\"WebSite\",\"@id\":\"https:\\\/\\\/ripjackinn.com\\\/es\\\/#website\",\"url\":\"https:\\\/\\\/ripjackinn.com\\\/es\\\/\",\"name\":\"RipJack Inn\",\"description\":\"Boutique Surf and Yoga Hotel, Playa Grande Costa Rica\",\"publisher\":{\"@id\":\"https:\\\/\\\/ripjackinn.com\\\/es\\\/#organization\"},\"potentialAction\":[{\"@type\":\"SearchAction\",\"target\":{\"@type\":\"EntryPoint\",\"urlTemplate\":\"https:\\\/\\\/ripjackinn.com\\\/es\\\/?s={search_term_string}\"},\"query-input\":{\"@type\":\"PropertyValueSpecification\",\"valueRequired\":true,\"valueName\":\"search_term_string\"}}],\"inLanguage\":\"es-CR\"},{\"@type\":\"Organization\",\"@id\":\"https:\\\/\\\/ripjackinn.com\\\/es\\\/#organization\",\"name\":\"RipJack Inn\",\"url\":\"https:\\\/\\\/ripjackinn.com\\\/es\\\/\",\"logo\":{\"@type\":\"ImageObject\",\"inLanguage\":\"es-CR\",\"@id\":\"https:\\\/\\\/ripjackinn.com\\\/es\\\/#\\\/schema\\\/logo\\\/image\\\/\",\"url\":\"https:\\\/\\\/apf0ca.p3cdn1.secureserver.net\\\/wp-content\\\/uploads\\\/2019\\\/05\\\/cropped-LOGO-SEMI-VECTOR-3-1.png?time=1726234843\",\"contentUrl\":\"https:\\\/\\\/apf0ca.p3cdn1.secureserver.net\\\/wp-content\\\/uploads\\\/2019\\\/05\\\/cropped-LOGO-SEMI-VECTOR-3-1.png?time=1726234843\",\"width\":512,\"height\":512,\"caption\":\"RipJack Inn\"},\"image\":{\"@id\":\"https:\\\/\\\/ripjackinn.com\\\/es\\\/#\\\/schema\\\/logo\\\/image\\\/\"},\"sameAs\":[\"https:\\\/\\\/www.facebook.com\\\/RipJackInn\\\/\",\"https:\\\/\\\/www.instagram.com\\\/ripjackinncr\\\/\"]}]}<\/script>\n<!-- \/ Yoast SEO Premium plugin. -->","yoast_head_json":{"title":"About | Surfing and Yoga Retreat at RipJack Inn","description":"Discover Surfing and Yoga Retreat at RipJack Inn. Stay in Playa Grande for unforgettable experiences.","robots":{"index":"index","follow":"follow","max-snippet":"max-snippet:-1","max-image-preview":"max-image-preview:large","max-video-preview":"max-video-preview:-1"},"canonical":"https:\/\/ripjackinn.com\/es\/about\/","og_locale":"es_ES","og_type":"article","og_title":"About","og_description":"Discover Surfing and Yoga Retreat at RipJack Inn. Stay in Playa Grande for unforgettable experiences.","og_url":"https:\/\/ripjackinn.com\/es\/about\/","og_site_name":"RipJack Inn","article_publisher":"https:\/\/www.facebook.com\/RipJackInn\/","article_modified_time":"2026-01-15T09:27:27+00:00","og_image":[{"width":2759,"height":548,"url":"https:\/\/ripjackinn.com\/wp-content\/uploads\/2023\/12\/RIPJACKINN-e1701722736834.png","type":"image\/png"}],"twitter_card":"summary_large_image","twitter_misc":{"Est. reading time":"3 minutos"},"schema":{"@context":"https:\/\/schema.org","@graph":[{"@type":"WebPage","@id":"https:\/\/ripjackinn.com\/about\/","url":"https:\/\/ripjackinn.com\/about\/","name":"About | Surfing and Yoga Retreat at RipJack Inn","isPartOf":{"@id":"https:\/\/ripjackinn.com\/es\/#website"},"primaryImageOfPage":{"@id":"https:\/\/ripjackinn.com\/about\/#primaryimage"},"image":{"@id":"https:\/\/ripjackinn.com\/about\/#primaryimage"},"thumbnailUrl":"https:\/\/ripjackinn.com\/wp-content\/uploads\/2023\/12\/RIPJACKINN-e1701722736834.png","datePublished":"2019-06-26T08:55:19+00:00","dateModified":"2026-01-15T09:27:27+00:00","description":"Discover Surfing and Yoga Retreat at RipJack Inn. Stay in Playa Grande for unforgettable experiences.","breadcrumb":{"@id":"https:\/\/ripjackinn.com\/about\/#breadcrumb"},"inLanguage":"es-CR","potentialAction":[{"@type":"ReadAction","target":["https:\/\/ripjackinn.com\/about\/"]}]},{"@type":"ImageObject","inLanguage":"es-CR","@id":"https:\/\/ripjackinn.com\/about\/#primaryimage","url":"https:\/\/ripjackinn.com\/wp-content\/uploads\/2023\/12\/RIPJACKINN-e1701722736834.png","contentUrl":"https:\/\/ripjackinn.com\/wp-content\/uploads\/2023\/12\/RIPJACKINN-e1701722736834.png"},{"@type":"BreadcrumbList","@id":"https:\/\/ripjackinn.com\/about\/#breadcrumb","itemListElement":[{"@type":"ListItem","position":1,"name":"Home","item":"https:\/\/ripjackinn.com\/"},{"@type":"ListItem","position":2,"name":"About"}]},{"@type":"WebSite","@id":"https:\/\/ripjackinn.com\/es\/#website","url":"https:\/\/ripjackinn.com\/es\/","name":"RipJack Inn","description":"Boutique Surf and Yoga Hotel, Playa Grande Costa Rica","publisher":{"@id":"https:\/\/ripjackinn.com\/es\/#organization"},"potentialAction":[{"@type":"SearchAction","target":{"@type":"EntryPoint","urlTemplate":"https:\/\/ripjackinn.com\/es\/?s={search_term_string}"},"query-input":{"@type":"PropertyValueSpecification","valueRequired":true,"valueName":"search_term_string"}}],"inLanguage":"es-CR"},{"@type":"Organization","@id":"https:\/\/ripjackinn.com\/es\/#organization","name":"RipJack Inn","url":"https:\/\/ripjackinn.com\/es\/","logo":{"@type":"ImageObject","inLanguage":"es-CR","@id":"https:\/\/ripjackinn.com\/es\/#\/schema\/logo\/image\/","url":"https:\/\/apf0ca.p3cdn1.secureserver.net\/wp-content\/uploads\/2019\/05\/cropped-LOGO-SEMI-VECTOR-3-1.png?time=1726234843","contentUrl":"https:\/\/apf0ca.p3cdn1.secureserver.net\/wp-content\/uploads\/2019\/05\/cropped-LOGO-SEMI-VECTOR-3-1.png?time=1726234843","width":512,"height":512,"caption":"RipJack Inn"},"image":{"@id":"https:\/\/ripjackinn.com\/es\/#\/schema\/logo\/image\/"},"sameAs":["https:\/\/www.facebook.com\/RipJackInn\/","https:\/\/www.instagram.com\/ripjackinncr\/"]}]}},"_links":{"self":[{"href":"https:\/\/ripjackinn.com\/es\/wp-json\/wp\/v2\/pages\/1285","targetHints":{"allow":["GET"]}}],"collection":[{"href":"https:\/\/ripjackinn.com\/es\/wp-json\/wp\/v2\/pages"}],"about":[{"href":"https:\/\/ripjackinn.com\/es\/wp-json\/wp\/v2\/types\/page"}],"author":[{"embeddable":true,"href":"https:\/\/ripjackinn.com\/es\/wp-json\/wp\/v2\/users\/1"}],"replies":[{"embeddable":true,"href":"https:\/\/ripjackinn.com\/es\/wp-json\/wp\/v2\/comments?post=1285"}],"version-history":[{"count":1,"href":"https:\/\/ripjackinn.com\/es\/wp-json\/wp\/v2\/pages\/1285\/revisions"}],"predecessor-version":[{"id":6236,"href":"https:\/\/ripjackinn.com\/es\/wp-json\/wp\/v2\/pages\/1285\/revisions\/6236"}],"wp:attachment":[{"href":"https:\/\/ripjackinn.com\/es\/wp-json\/wp\/v2\/media?parent=1285"}],"curies":[{"name":"wp","href":"https:\/\/api.w.org\/{rel}","templated":true}]}}